{"id":22535,"date":"2025-07-26T17:36:17","date_gmt":"2025-07-26T15:36:17","guid":{"rendered":"https:\/\/divaceramica.com\/?post_type=product&#038;p=22535"},"modified":"2025-07-26T18:07:48","modified_gmt":"2025-07-26T16:07:48","slug":"blanc","status":"publish","type":"product","link":"https:\/\/divaceramica.com\/en\/product\/blanc\/","title":{"rendered":"Blanc"},"content":{"rendered":"","protected":false},"excerpt":{"rendered":"<p>Le Black Diamond est largement utilis\u00e9 pour les sols, les rev\u00eatements et les plans de travail, et m\u00eame comme compl\u00e9ment de mobilier. Il est ind\u00e9niable que le marbre noir apporte une touche d&rsquo;\u00e9l\u00e9gance et d&rsquo;exclusivit\u00e9 \u00e0 tout environnement.<\/p>","protected":false},"featured_media":22539,"template":"","meta":{"inline_featured_image":false},"product_cat":[207,189],"product_tag":[],"class_list":{"0":"post-22535","1":"product","2":"type-product","3":"status-publish","4":"has-post-thumbnail","6":"product_cat-marbre","7":"product_cat-marbre-granite","9":"first","10":"instock","11":"shipping-taxable","12":"product-type-simple"},"_links":{"self":[{"href":"https:\/\/divaceramica.com\/en\/wp-json\/wp\/v2\/product\/22535","targetHints":{"allow":["GET"]}}],"collection":[{"href":"https:\/\/divaceramica.com\/en\/wp-json\/wp\/v2\/product"}],"about":[{"href":"https:\/\/divaceramica.com\/en\/wp-json\/wp\/v2\/types\/product"}],"wp:featuredmedia":[{"embeddable":true,"href":"https:\/\/divaceramica.com\/en\/wp-json\/wp\/v2\/media\/22539"}],"wp:attachment":[{"href":"https:\/\/divaceramica.com\/en\/wp-json\/wp\/v2\/media?parent=22535"}],"wp:term":[{"taxonomy":"product_cat","embeddable":true,"href":"https:\/\/divaceramica.com\/en\/wp-json\/wp\/v2\/product_cat?post=22535"},{"taxonomy":"product_tag","embeddable":true,"href":"https:\/\/divaceramica.com\/en\/wp-json\/wp\/v2\/product_tag?post=22535"}],"curies":[{"name":"wp","href":"https:\/\/api.w.org\/{rel}","templated":true}]}}