{"id":22061,"date":"2025-05-28T11:57:25","date_gmt":"2025-05-28T09:57:25","guid":{"rendered":"https:\/\/divaceramica.com\/?post_type=product&#038;p=22061"},"modified":"2025-05-28T11:58:57","modified_gmt":"2025-05-28T09:58:57","slug":"chene-joy","status":"publish","type":"product","link":"https:\/\/divaceramica.com\/en\/product\/chene-joy\/","title":{"rendered":"Ch\u00eane Joy"},"content":{"rendered":"","protected":false},"excerpt":{"rendered":"<p>Le panache et le parfait souci du d\u00e9tail typique du style classique am\u00e9ricain nous ont permis de cr\u00e9er un int\u00e9rieur impressionnant et coh\u00e9rent. Arcs, ornements, corniches d\u00e9cor\u00e9es et stucs muraux s\u2019adaptent parfaitement \u00e0 la forme simple et \u00e0 la finition pr\u00e9cise du parquet en ch\u00eane JOY.<\/p>\n<table class=\"woocommerce-product-attributes shop_attributes\">\n<tbody>\n<tr class=\"woocommerce-product-attributes-item woocommerce-product-attributes-item--weight\">\n<th class=\"woocommerce-product-attributes-item__label\">DIMENSIONS<\/th>\n<td class=\"woocommerce-product-attributes-item__value\"><span class=\"fti-colore-size\">207 x 2200 x 14 MM<\/span><\/td>\n<\/tr>\n<\/tbody>\n<\/table>","protected":false},"featured_media":22062,"template":"","meta":{"inline_featured_image":false},"product_cat":[209,188],"product_tag":[],"class_list":{"0":"post-22061","1":"product","2":"type-product","3":"status-publish","4":"has-post-thumbnail","6":"product_cat-bois-massif","7":"product_cat-parquet","9":"first","10":"instock","11":"shipping-taxable","12":"product-type-simple"},"_links":{"self":[{"href":"https:\/\/divaceramica.com\/en\/wp-json\/wp\/v2\/product\/22061","targetHints":{"allow":["GET"]}}],"collection":[{"href":"https:\/\/divaceramica.com\/en\/wp-json\/wp\/v2\/product"}],"about":[{"href":"https:\/\/divaceramica.com\/en\/wp-json\/wp\/v2\/types\/product"}],"wp:featuredmedia":[{"embeddable":true,"href":"https:\/\/divaceramica.com\/en\/wp-json\/wp\/v2\/media\/22062"}],"wp:attachment":[{"href":"https:\/\/divaceramica.com\/en\/wp-json\/wp\/v2\/media?parent=22061"}],"wp:term":[{"taxonomy":"product_cat","embeddable":true,"href":"https:\/\/divaceramica.com\/en\/wp-json\/wp\/v2\/product_cat?post=22061"},{"taxonomy":"product_tag","embeddable":true,"href":"https:\/\/divaceramica.com\/en\/wp-json\/wp\/v2\/product_tag?post=22061"}],"curies":[{"name":"wp","href":"https:\/\/api.w.org\/{rel}","templated":true}]}}