{"id":22056,"date":"2025-05-28T11:55:44","date_gmt":"2025-05-28T09:55:44","guid":{"rendered":"https:\/\/divaceramica.com\/?post_type=product&#038;p=22056"},"modified":"2025-05-28T11:56:51","modified_gmt":"2025-05-28T09:56:51","slug":"chene-touch","status":"publish","type":"product","link":"https:\/\/divaceramica.com\/en\/product\/chene-touch\/","title":{"rendered":"Ch\u00eane Touch"},"content":{"rendered":"","protected":false},"excerpt":{"rendered":"<p>Parquet en ch\u00eane monofrise l\u00e9g\u00e8rement teint\u00e9 d\u2019une couleur chaude. La structure du bois naturel a \u00e9t\u00e9 soulign\u00e9e par le brossage. Fini avec du vernis mat.<\/p>\n<table class=\"woocommerce-product-attributes shop_attributes\">\n<tbody>\n<tr class=\"woocommerce-product-attributes-item woocommerce-product-attributes-item--weight\">\n<th class=\"woocommerce-product-attributes-item__label\">DIMENSIONS<\/th>\n<td class=\"woocommerce-product-attributes-item__value\"><span class=\"fti-colore-size\">207 x 2200 x 14 MM<\/span><\/td>\n<\/tr>\n<\/tbody>\n<\/table>","protected":false},"featured_media":22058,"template":"","meta":{"inline_featured_image":false},"product_cat":[209,188],"product_tag":[],"class_list":{"0":"post-22056","1":"product","2":"type-product","3":"status-publish","4":"has-post-thumbnail","6":"product_cat-bois-massif","7":"product_cat-parquet","9":"first","10":"instock","11":"shipping-taxable","12":"product-type-simple"},"_links":{"self":[{"href":"https:\/\/divaceramica.com\/en\/wp-json\/wp\/v2\/product\/22056","targetHints":{"allow":["GET"]}}],"collection":[{"href":"https:\/\/divaceramica.com\/en\/wp-json\/wp\/v2\/product"}],"about":[{"href":"https:\/\/divaceramica.com\/en\/wp-json\/wp\/v2\/types\/product"}],"wp:featuredmedia":[{"embeddable":true,"href":"https:\/\/divaceramica.com\/en\/wp-json\/wp\/v2\/media\/22058"}],"wp:attachment":[{"href":"https:\/\/divaceramica.com\/en\/wp-json\/wp\/v2\/media?parent=22056"}],"wp:term":[{"taxonomy":"product_cat","embeddable":true,"href":"https:\/\/divaceramica.com\/en\/wp-json\/wp\/v2\/product_cat?post=22056"},{"taxonomy":"product_tag","embeddable":true,"href":"https:\/\/divaceramica.com\/en\/wp-json\/wp\/v2\/product_tag?post=22056"}],"curies":[{"name":"wp","href":"https:\/\/api.w.org\/{rel}","templated":true}]}}