{"id":22052,"date":"2025-05-28T11:52:13","date_gmt":"2025-05-28T09:52:13","guid":{"rendered":"https:\/\/divaceramica.com\/?post_type=product&#038;p=22052"},"modified":"2025-05-28T11:54:19","modified_gmt":"2025-05-28T09:54:19","slug":"chene-bright-chevron","status":"publish","type":"product","link":"https:\/\/divaceramica.com\/en\/product\/chene-bright-chevron\/","title":{"rendered":"Ch\u00eane Bright Chevron"},"content":{"rendered":"","protected":false},"excerpt":{"rendered":"<p>Un parquet dans une couleur ch\u00eane classique, rehauss\u00e9 d\u2019une d\u00e9licate touche dor\u00e9e. Recouvert d\u2019huile naturelle, qui met en valeur la structure noble du bois, qui est encore renforc\u00e9e lors du processus de brossage. Gr\u00e2ce \u00e0 la microfibre sur 4 faces, le sol para\u00eet l\u00e9ger et fin.<\/p>\n<table class=\"woocommerce-product-attributes shop_attributes\">\n<tbody>\n<tr class=\"woocommerce-product-attributes-item woocommerce-product-attributes-item--weight\">\n<th class=\"woocommerce-product-attributes-item__label\">DIMENSIONS<\/th>\n<td class=\"woocommerce-product-attributes-item__value\"><span class=\"fti-colore-size\">130 x 725 x 14 MM<\/span><\/td>\n<\/tr>\n<\/tbody>\n<\/table>","protected":false},"featured_media":22053,"template":"","meta":{"inline_featured_image":false},"product_cat":[209,188],"product_tag":[],"class_list":{"0":"post-22052","1":"product","2":"type-product","3":"status-publish","4":"has-post-thumbnail","6":"product_cat-bois-massif","7":"product_cat-parquet","9":"first","10":"instock","11":"shipping-taxable","12":"product-type-simple"},"_links":{"self":[{"href":"https:\/\/divaceramica.com\/en\/wp-json\/wp\/v2\/product\/22052","targetHints":{"allow":["GET"]}}],"collection":[{"href":"https:\/\/divaceramica.com\/en\/wp-json\/wp\/v2\/product"}],"about":[{"href":"https:\/\/divaceramica.com\/en\/wp-json\/wp\/v2\/types\/product"}],"wp:featuredmedia":[{"embeddable":true,"href":"https:\/\/divaceramica.com\/en\/wp-json\/wp\/v2\/media\/22053"}],"wp:attachment":[{"href":"https:\/\/divaceramica.com\/en\/wp-json\/wp\/v2\/media?parent=22052"}],"wp:term":[{"taxonomy":"product_cat","embeddable":true,"href":"https:\/\/divaceramica.com\/en\/wp-json\/wp\/v2\/product_cat?post=22052"},{"taxonomy":"product_tag","embeddable":true,"href":"https:\/\/divaceramica.com\/en\/wp-json\/wp\/v2\/product_tag?post=22052"}],"curies":[{"name":"wp","href":"https:\/\/api.w.org\/{rel}","templated":true}]}}