{"id":22005,"date":"2025-05-20T17:54:46","date_gmt":"2025-05-20T15:54:46","guid":{"rendered":"https:\/\/divaceramica.com\/?post_type=product&#038;p=22005"},"modified":"2025-05-28T11:52:07","modified_gmt":"2025-05-28T09:52:07","slug":"massif-exotique-verni","status":"publish","type":"product","link":"https:\/\/divaceramica.com\/en\/product\/massif-exotique-verni\/","title":{"rendered":"Massif Exotique Verni"},"content":{"rendered":"","protected":false},"excerpt":{"rendered":"<p>L&rsquo;\u00e9l\u00e9gance et l&rsquo;originalit\u00e9 avec notre parquet massif exotique verni, disponible en essences de merbau, weng\u00e9 ou jatoba. Ces bois exotiques apportent une touche unique \u00e0 vos int\u00e9rieurs, cr\u00e9ant une ambiance apaisante dans votre bureau ou un cocon de z\u00e9nitude \u00e0 la maison.<\/p>\n<table class=\"woocommerce-product-attributes shop_attributes\">\n<tbody>\n<tr class=\"woocommerce-product-attributes-item woocommerce-product-attributes-item--weight\">\n<th class=\"woocommerce-product-attributes-item__label\">DIMENSIONS<\/th>\n<td class=\"woocommerce-product-attributes-item__value\"><span class=\"fti-colore-size\">95 x 15 x 300 &#8211; 1200 MM<\/span><\/td>\n<\/tr>\n<\/tbody>\n<\/table>","protected":false},"featured_media":22007,"template":"","meta":{"inline_featured_image":false},"product_cat":[209,188],"product_tag":[],"class_list":{"0":"post-22005","1":"product","2":"type-product","3":"status-publish","4":"has-post-thumbnail","6":"product_cat-bois-massif","7":"product_cat-parquet","9":"first","10":"instock","11":"shipping-taxable","12":"product-type-simple"},"_links":{"self":[{"href":"https:\/\/divaceramica.com\/en\/wp-json\/wp\/v2\/product\/22005","targetHints":{"allow":["GET"]}}],"collection":[{"href":"https:\/\/divaceramica.com\/en\/wp-json\/wp\/v2\/product"}],"about":[{"href":"https:\/\/divaceramica.com\/en\/wp-json\/wp\/v2\/types\/product"}],"wp:featuredmedia":[{"embeddable":true,"href":"https:\/\/divaceramica.com\/en\/wp-json\/wp\/v2\/media\/22007"}],"wp:attachment":[{"href":"https:\/\/divaceramica.com\/en\/wp-json\/wp\/v2\/media?parent=22005"}],"wp:term":[{"taxonomy":"product_cat","embeddable":true,"href":"https:\/\/divaceramica.com\/en\/wp-json\/wp\/v2\/product_cat?post=22005"},{"taxonomy":"product_tag","embeddable":true,"href":"https:\/\/divaceramica.com\/en\/wp-json\/wp\/v2\/product_tag?post=22005"}],"curies":[{"name":"wp","href":"https:\/\/api.w.org\/{rel}","templated":true}]}}