{"id":21978,"date":"2025-05-20T16:58:13","date_gmt":"2025-05-20T14:58:13","guid":{"rendered":"https:\/\/divaceramica.com\/?post_type=product&#038;p=21978"},"modified":"2025-05-20T17:03:01","modified_gmt":"2025-05-20T15:03:01","slug":"tavole-del-piave","status":"publish","type":"product","link":"https:\/\/divaceramica.com\/en\/product\/tavole-del-piave\/","title":{"rendered":"Tavole del Piave"},"content":{"rendered":"","protected":false},"excerpt":{"rendered":"<p>Lame contre-coll\u00e9e trois couches, prefinie, de grandes dimensions, pour le sol, le plafond, et l&rsquo;habillage en g\u00e9n\u00e9ral. Le parement est en bois noble, disponible dans diff\u00e9rentes essences et diff\u00e9rentes finitions.<\/p>\n<table class=\"woocommerce-product-attributes shop_attributes\">\n<tbody>\n<tr class=\"woocommerce-product-attributes-item woocommerce-product-attributes-item--weight\">\n<th class=\"woocommerce-product-attributes-item__label\">DIMENSIONS<\/th>\n<td class=\"woocommerce-product-attributes-item__value\"><span class=\"fti-colore-size\">16 mm<\/span><\/td>\n<\/tr>\n<tr class=\"woocommerce-product-attributes-item woocommerce-product-attributes-item--weight\">\n<th class=\"woocommerce-product-attributes-item__label\" style=\"display: ruby-text;\">CARACT\u00c9RISTIQUES<\/th>\n<td class=\"woocommerce-product-attributes-item__value\"><span class=\"fti-colore-size\"><strong>1\u00b0 COUCHE:<\/strong> Parement bois noble massif \u00e9paisseur 5 mm+\/- 0,5.<\/span><\/p>\n<p><span class=\"fti-colore-size\"><strong>2\u00b0 COUCHE:<\/strong> Support central en contre-plaqu\u00e9 bouleau avec collage vinylique de classe D3<\/span><\/p>\n<p><span class=\"fti-colore-size\"><strong>3\u00b0 COUCHE:<\/strong> Contre-balancement en sapin massif orthogonal au parement pour une meilleure stabilit\u00e9<\/span><\/td>\n<\/tr>\n<\/tbody>\n<\/table>","protected":false},"featured_media":21983,"template":"","meta":{"inline_featured_image":false},"product_cat":[210,188],"product_tag":[],"class_list":{"0":"post-21978","1":"product","2":"type-product","3":"status-publish","4":"has-post-thumbnail","6":"product_cat-bois-contrecolle","7":"product_cat-parquet","9":"first","10":"instock","11":"shipping-taxable","12":"product-type-simple"},"_links":{"self":[{"href":"https:\/\/divaceramica.com\/en\/wp-json\/wp\/v2\/product\/21978","targetHints":{"allow":["GET"]}}],"collection":[{"href":"https:\/\/divaceramica.com\/en\/wp-json\/wp\/v2\/product"}],"about":[{"href":"https:\/\/divaceramica.com\/en\/wp-json\/wp\/v2\/types\/product"}],"wp:featuredmedia":[{"embeddable":true,"href":"https:\/\/divaceramica.com\/en\/wp-json\/wp\/v2\/media\/21983"}],"wp:attachment":[{"href":"https:\/\/divaceramica.com\/en\/wp-json\/wp\/v2\/media?parent=21978"}],"wp:term":[{"taxonomy":"product_cat","embeddable":true,"href":"https:\/\/divaceramica.com\/en\/wp-json\/wp\/v2\/product_cat?post=21978"},{"taxonomy":"product_tag","embeddable":true,"href":"https:\/\/divaceramica.com\/en\/wp-json\/wp\/v2\/product_tag?post=21978"}],"curies":[{"name":"wp","href":"https:\/\/api.w.org\/{rel}","templated":true}]}}