{"id":21970,"date":"2025-05-20T16:39:34","date_gmt":"2025-05-20T14:39:34","guid":{"rendered":"https:\/\/divaceramica.com\/?post_type=product&#038;p=21970"},"modified":"2025-05-20T16:57:06","modified_gmt":"2025-05-20T14:57:06","slug":"assi-del-cansiglio","status":"publish","type":"product","link":"https:\/\/divaceramica.com\/en\/product\/assi-del-cansiglio\/","title":{"rendered":"Assi del Cansiglio"},"content":{"rendered":"","protected":false},"excerpt":{"rendered":"<p>Lame contrecoll\u00e9e trois couches, pr\u00e9finie, de grandes dimensions, pour le sol, le plafond, et l&rsquo;habillage en g\u00e9n\u00e9ral. Elle est travaill\u00e9e de fa\u00e7on artisanale, assembl\u00e9e et vernie avec des colles et des vernis base d&rsquo;eau \u00e9cologiques.<\/p>\n<table class=\"woocommerce-product-attributes shop_attributes\">\n<tbody>\n<tr class=\"woocommerce-product-attributes-item woocommerce-product-attributes-item--weight\">\n<th class=\"woocommerce-product-attributes-item__label\">DIMENSIONS<\/th>\n<td class=\"woocommerce-product-attributes-item__value\"><span class=\"fti-colore-size\">16 mm<\/span><\/td>\n<\/tr>\n<tr class=\"woocommerce-product-attributes-item woocommerce-product-attributes-item--weight\">\n<th class=\"woocommerce-product-attributes-item__label\" style=\"display: ruby-text;\">CARACT\u00c9RISTIQUES<\/th>\n<td class=\"woocommerce-product-attributes-item__value\"><span class=\"fti-colore-size\"><strong>1\u00b0 COUCHE:<\/strong> Parement bois noble massif \u00e9paisseur 5 mm+\/- 0,5.<\/span><\/p>\n<p><span class=\"fti-colore-size\"><strong>2\u00b0 COUCHE:<\/strong> Support central en contre-plaqu\u00e9 bouleau avec collage vinylique de classe D3<\/span><\/p>\n<p><span class=\"fti-colore-size\"><strong>3\u00b0 COUCHE:<\/strong> Contre-balancement en sapin massif orthogonal au parement pour une meilleure stabilit\u00e9<\/span><\/td>\n<\/tr>\n<\/tbody>\n<\/table>","protected":false},"featured_media":21972,"template":"","meta":{"inline_featured_image":false},"product_cat":[210,188],"product_tag":[],"class_list":{"0":"post-21970","1":"product","2":"type-product","3":"status-publish","4":"has-post-thumbnail","6":"product_cat-bois-contrecolle","7":"product_cat-parquet","9":"first","10":"instock","11":"shipping-taxable","12":"product-type-simple"},"_links":{"self":[{"href":"https:\/\/divaceramica.com\/en\/wp-json\/wp\/v2\/product\/21970","targetHints":{"allow":["GET"]}}],"collection":[{"href":"https:\/\/divaceramica.com\/en\/wp-json\/wp\/v2\/product"}],"about":[{"href":"https:\/\/divaceramica.com\/en\/wp-json\/wp\/v2\/types\/product"}],"wp:featuredmedia":[{"embeddable":true,"href":"https:\/\/divaceramica.com\/en\/wp-json\/wp\/v2\/media\/21972"}],"wp:attachment":[{"href":"https:\/\/divaceramica.com\/en\/wp-json\/wp\/v2\/media?parent=21970"}],"wp:term":[{"taxonomy":"product_cat","embeddable":true,"href":"https:\/\/divaceramica.com\/en\/wp-json\/wp\/v2\/product_cat?post=21970"},{"taxonomy":"product_tag","embeddable":true,"href":"https:\/\/divaceramica.com\/en\/wp-json\/wp\/v2\/product_tag?post=21970"}],"curies":[{"name":"wp","href":"https:\/\/api.w.org\/{rel}","templated":true}]}}