{"id":21961,"date":"2025-05-20T16:32:42","date_gmt":"2025-05-20T14:32:42","guid":{"rendered":"https:\/\/divaceramica.com\/?post_type=product&#038;p=21961"},"modified":"2025-05-28T14:13:32","modified_gmt":"2025-05-28T12:13:32","slug":"chene-raisins","status":"publish","type":"product","link":"https:\/\/divaceramica.com\/en\/product\/chene-raisins\/","title":{"rendered":"Ch\u00eane Raisins"},"content":{"rendered":"","protected":false},"excerpt":{"rendered":"<p>Un parquet en ch\u00eane au caract\u00e8re tr\u00e8s rustique et de couleur naturelle. La beaut\u00e9 du bois a \u00e9t\u00e9 soulign\u00e9e par le brossage,<\/p>\n<table class=\"woocommerce-product-attributes shop_attributes\">\n<tbody>\n<tr class=\"woocommerce-product-attributes-item woocommerce-product-attributes-item--weight\">\n<th class=\"woocommerce-product-attributes-item__label\">DIMENSIONS<\/th>\n<td class=\"woocommerce-product-attributes-item__value\"><span class=\"fti-colore-size\">180 x 725 x 14<\/span><\/td>\n<\/tr>\n<\/tbody>\n<\/table>","protected":false},"featured_media":21962,"template":"","meta":{"inline_featured_image":false},"product_cat":[209,188],"product_tag":[],"class_list":{"0":"post-21961","1":"product","2":"type-product","3":"status-publish","4":"has-post-thumbnail","6":"product_cat-bois-massif","7":"product_cat-parquet","9":"first","10":"instock","11":"shipping-taxable","12":"product-type-simple"},"_links":{"self":[{"href":"https:\/\/divaceramica.com\/en\/wp-json\/wp\/v2\/product\/21961","targetHints":{"allow":["GET"]}}],"collection":[{"href":"https:\/\/divaceramica.com\/en\/wp-json\/wp\/v2\/product"}],"about":[{"href":"https:\/\/divaceramica.com\/en\/wp-json\/wp\/v2\/types\/product"}],"wp:featuredmedia":[{"embeddable":true,"href":"https:\/\/divaceramica.com\/en\/wp-json\/wp\/v2\/media\/21962"}],"wp:attachment":[{"href":"https:\/\/divaceramica.com\/en\/wp-json\/wp\/v2\/media?parent=21961"}],"wp:term":[{"taxonomy":"product_cat","embeddable":true,"href":"https:\/\/divaceramica.com\/en\/wp-json\/wp\/v2\/product_cat?post=21961"},{"taxonomy":"product_tag","embeddable":true,"href":"https:\/\/divaceramica.com\/en\/wp-json\/wp\/v2\/product_tag?post=21961"}],"curies":[{"name":"wp","href":"https:\/\/api.w.org\/{rel}","templated":true}]}}