{"id":21957,"date":"2025-05-20T16:30:31","date_gmt":"2025-05-20T14:30:31","guid":{"rendered":"https:\/\/divaceramica.com\/?post_type=product&#038;p=21957"},"modified":"2025-05-20T16:31:48","modified_gmt":"2025-05-20T14:31:48","slug":"chene-brown","status":"publish","type":"product","link":"https:\/\/divaceramica.com\/en\/product\/chene-brown\/","title":{"rendered":"Ch\u00eane Brown"},"content":{"rendered":"","protected":false},"excerpt":{"rendered":"<p>Un parquet en ch\u00eane avec une couleur marron antique agr\u00e9ablement chaleureuse. La structure des planches a \u00e9t\u00e9 mise en valeur par le proc\u00e9d\u00e9 de brossage, et les bords biseaut\u00e9s ajoutent de la l\u00e9g\u00e8ret\u00e9 aux planches. Le sol est fini avec du vernis mat.<\/p>\n<table class=\"woocommerce-product-attributes shop_attributes\">\n<tbody>\n<tr class=\"woocommerce-product-attributes-item woocommerce-product-attributes-item--weight\">\n<th class=\"woocommerce-product-attributes-item__label\">DIMENSIONS<\/th>\n<td class=\"woocommerce-product-attributes-item__value\"><span class=\"fti-colore-size\">110 x 660 x 14<\/span><\/td>\n<\/tr>\n<\/tbody>\n<\/table>","protected":false},"featured_media":21958,"template":"","meta":{"inline_featured_image":false},"product_cat":[211,188],"product_tag":[],"class_list":{"0":"post-21957","1":"product","2":"type-product","3":"status-publish","4":"has-post-thumbnail","6":"product_cat-bois-stratifie","7":"product_cat-parquet","9":"first","10":"instock","11":"shipping-taxable","12":"product-type-simple"},"_links":{"self":[{"href":"https:\/\/divaceramica.com\/en\/wp-json\/wp\/v2\/product\/21957","targetHints":{"allow":["GET"]}}],"collection":[{"href":"https:\/\/divaceramica.com\/en\/wp-json\/wp\/v2\/product"}],"about":[{"href":"https:\/\/divaceramica.com\/en\/wp-json\/wp\/v2\/types\/product"}],"wp:featuredmedia":[{"embeddable":true,"href":"https:\/\/divaceramica.com\/en\/wp-json\/wp\/v2\/media\/21958"}],"wp:attachment":[{"href":"https:\/\/divaceramica.com\/en\/wp-json\/wp\/v2\/media?parent=21957"}],"wp:term":[{"taxonomy":"product_cat","embeddable":true,"href":"https:\/\/divaceramica.com\/en\/wp-json\/wp\/v2\/product_cat?post=21957"},{"taxonomy":"product_tag","embeddable":true,"href":"https:\/\/divaceramica.com\/en\/wp-json\/wp\/v2\/product_tag?post=21957"}],"curies":[{"name":"wp","href":"https:\/\/api.w.org\/{rel}","templated":true}]}}