{"id":21949,"date":"2025-05-20T16:25:11","date_gmt":"2025-05-20T14:25:11","guid":{"rendered":"https:\/\/divaceramica.com\/?post_type=product&#038;p=21949"},"modified":"2025-05-20T16:27:13","modified_gmt":"2025-05-20T14:27:13","slug":"chene-trivor","status":"publish","type":"product","link":"https:\/\/divaceramica.com\/en\/product\/chene-trivor\/","title":{"rendered":"Ch\u00eane Trivor"},"content":{"rendered":"","protected":false},"excerpt":{"rendered":"<p>Parquet en ch\u00eane d\u2019une d\u00e9licate couleur blanc cr\u00e8me. Les planches sont affin\u00e9es par brossage et fix\u00e9es avec du vernis mat.<\/p>\n<p>&nbsp;<\/p>\n<table class=\"woocommerce-product-attributes shop_attributes\">\n<tbody>\n<tr class=\"woocommerce-product-attributes-item woocommerce-product-attributes-item--weight\">\n<th class=\"woocommerce-product-attributes-item__label\">DIMENSIONS<\/th>\n<td class=\"woocommerce-product-attributes-item__value\"><span class=\"fti-colore-size\">130 x 725 x 14<\/span><\/td>\n<\/tr>\n<\/tbody>\n<\/table>","protected":false},"featured_media":21950,"template":"","meta":{"inline_featured_image":false},"product_cat":[211,188],"product_tag":[],"class_list":{"0":"post-21949","1":"product","2":"type-product","3":"status-publish","4":"has-post-thumbnail","6":"product_cat-bois-stratifie","7":"product_cat-parquet","9":"first","10":"instock","11":"shipping-taxable","12":"product-type-simple"},"_links":{"self":[{"href":"https:\/\/divaceramica.com\/en\/wp-json\/wp\/v2\/product\/21949","targetHints":{"allow":["GET"]}}],"collection":[{"href":"https:\/\/divaceramica.com\/en\/wp-json\/wp\/v2\/product"}],"about":[{"href":"https:\/\/divaceramica.com\/en\/wp-json\/wp\/v2\/types\/product"}],"wp:featuredmedia":[{"embeddable":true,"href":"https:\/\/divaceramica.com\/en\/wp-json\/wp\/v2\/media\/21950"}],"wp:attachment":[{"href":"https:\/\/divaceramica.com\/en\/wp-json\/wp\/v2\/media?parent=21949"}],"wp:term":[{"taxonomy":"product_cat","embeddable":true,"href":"https:\/\/divaceramica.com\/en\/wp-json\/wp\/v2\/product_cat?post=21949"},{"taxonomy":"product_tag","embeddable":true,"href":"https:\/\/divaceramica.com\/en\/wp-json\/wp\/v2\/product_tag?post=21949"}],"curies":[{"name":"wp","href":"https:\/\/api.w.org\/{rel}","templated":true}]}}