{"id":21926,"date":"2025-05-20T15:14:17","date_gmt":"2025-05-20T13:14:17","guid":{"rendered":"https:\/\/divaceramica.com\/?post_type=product&#038;p=21926"},"modified":"2025-05-20T15:17:47","modified_gmt":"2025-05-20T13:17:47","slug":"amazzonite","status":"publish","type":"product","link":"https:\/\/divaceramica.com\/en\/product\/amazzonite\/","title":{"rendered":"Amazzonite"},"content":{"rendered":"","protected":false},"excerpt":{"rendered":"<p>Gr\u00e8s c\u00e9rame color\u00e9 dans la masse<\/p>\n<table class=\"woocommerce-product-attributes shop_attributes\">\n<tbody>\n<tr class=\"woocommerce-product-attributes-item woocommerce-product-attributes-item--weight\">\n<th class=\"woocommerce-product-attributes-item__label\">DIMENSIONS<\/th>\n<td class=\"woocommerce-product-attributes-item__value\"><span class=\"fti-colore-size\">120&#215;280\u00a0<\/span><\/td>\n<\/tr>\n<tr class=\"woocommerce-product-attributes-item woocommerce-product-attributes-item--weight\">\n<th class=\"woocommerce-product-attributes-item__label\">\u00c9PAISSEUR<\/th>\n<td class=\"woocommerce-product-attributes-item__value\"><span class=\"fti-colore-spessore\">6 mm<\/span><\/td>\n<\/tr>\n<\/tbody>\n<\/table>","protected":false},"featured_media":21929,"template":"","meta":{"inline_featured_image":false},"product_cat":[194],"product_tag":[],"class_list":{"0":"post-21926","1":"product","2":"type-product","3":"status-publish","4":"has-post-thumbnail","6":"product_cat-slabs","8":"first","9":"instock","10":"shipping-taxable","11":"product-type-simple"},"_links":{"self":[{"href":"https:\/\/divaceramica.com\/en\/wp-json\/wp\/v2\/product\/21926","targetHints":{"allow":["GET"]}}],"collection":[{"href":"https:\/\/divaceramica.com\/en\/wp-json\/wp\/v2\/product"}],"about":[{"href":"https:\/\/divaceramica.com\/en\/wp-json\/wp\/v2\/types\/product"}],"wp:featuredmedia":[{"embeddable":true,"href":"https:\/\/divaceramica.com\/en\/wp-json\/wp\/v2\/media\/21929"}],"wp:attachment":[{"href":"https:\/\/divaceramica.com\/en\/wp-json\/wp\/v2\/media?parent=21926"}],"wp:term":[{"taxonomy":"product_cat","embeddable":true,"href":"https:\/\/divaceramica.com\/en\/wp-json\/wp\/v2\/product_cat?post=21926"},{"taxonomy":"product_tag","embeddable":true,"href":"https:\/\/divaceramica.com\/en\/wp-json\/wp\/v2\/product_tag?post=21926"}],"curies":[{"name":"wp","href":"https:\/\/api.w.org\/{rel}","templated":true}]}}