{"id":21797,"date":"2025-04-26T17:36:26","date_gmt":"2025-04-26T15:36:26","guid":{"rendered":"https:\/\/divaceramica.com\/?post_type=product&#038;p=21797"},"modified":"2025-05-07T16:43:32","modified_gmt":"2025-05-07T14:43:32","slug":"opalo-blanco","status":"publish","type":"product","link":"https:\/\/divaceramica.com\/en\/product\/opalo-blanco\/","title":{"rendered":"Opalo Blanco"},"content":{"rendered":"","protected":false},"excerpt":{"rendered":"<p>La mosa\u00efque de verre Opale Blanc est une mosa\u00efque de tesselles carr\u00e9s (square) 25x25mm., de couleur blanc et finition lisse brillance, effet opale aux \u00e9clats dor\u00e9s et argent\u00e9s. Un reflet de distinction pour remplir de lumi\u00e8re les espaces.<\/p>","protected":false},"featured_media":21798,"template":"","meta":{"inline_featured_image":false},"product_cat":[79,193],"product_tag":[],"class_list":{"0":"post-21797","1":"product","2":"type-product","3":"status-publish","4":"has-post-thumbnail","6":"product_cat-carrelage","7":"product_cat-carrelage-deco","9":"first","10":"instock","11":"shipping-taxable","12":"product-type-simple"},"_links":{"self":[{"href":"https:\/\/divaceramica.com\/en\/wp-json\/wp\/v2\/product\/21797","targetHints":{"allow":["GET"]}}],"collection":[{"href":"https:\/\/divaceramica.com\/en\/wp-json\/wp\/v2\/product"}],"about":[{"href":"https:\/\/divaceramica.com\/en\/wp-json\/wp\/v2\/types\/product"}],"wp:featuredmedia":[{"embeddable":true,"href":"https:\/\/divaceramica.com\/en\/wp-json\/wp\/v2\/media\/21798"}],"wp:attachment":[{"href":"https:\/\/divaceramica.com\/en\/wp-json\/wp\/v2\/media?parent=21797"}],"wp:term":[{"taxonomy":"product_cat","embeddable":true,"href":"https:\/\/divaceramica.com\/en\/wp-json\/wp\/v2\/product_cat?post=21797"},{"taxonomy":"product_tag","embeddable":true,"href":"https:\/\/divaceramica.com\/en\/wp-json\/wp\/v2\/product_tag?post=21797"}],"curies":[{"name":"wp","href":"https:\/\/api.w.org\/{rel}","templated":true}]}}