{"id":21789,"date":"2025-04-26T17:32:40","date_gmt":"2025-04-26T15:32:40","guid":{"rendered":"https:\/\/divaceramica.com\/?post_type=product&#038;p=21789"},"modified":"2025-05-07T16:43:40","modified_gmt":"2025-05-07T14:43:40","slug":"hex-natureglass-black-matte","status":"publish","type":"product","link":"https:\/\/divaceramica.com\/en\/product\/hex-natureglass-black-matte\/","title":{"rendered":"Hex Natureglass Black Matte"},"content":{"rendered":"","protected":false},"excerpt":{"rendered":"<p>La mosa\u00efque de verre Hex Natureglass Black Matte est une mosa\u00efque de tesselles hexagonales \u00ab hex \u00bb (diam\u00e8tre \u00f8 31,75 mm &#8211; 1,25\u201d) de couleur noire et finition mate soyeuse. Indiqu\u00e9e \u00e9galement pour le rev\u00eatement des zones humides et pour les sols r\u00e9sidentiels.<\/p>","protected":false},"featured_media":21791,"template":"","meta":{"inline_featured_image":false},"product_cat":[79,193],"product_tag":[],"class_list":{"0":"post-21789","1":"product","2":"type-product","3":"status-publish","4":"has-post-thumbnail","6":"product_cat-carrelage","7":"product_cat-carrelage-deco","9":"first","10":"instock","11":"shipping-taxable","12":"product-type-simple"},"_links":{"self":[{"href":"https:\/\/divaceramica.com\/en\/wp-json\/wp\/v2\/product\/21789","targetHints":{"allow":["GET"]}}],"collection":[{"href":"https:\/\/divaceramica.com\/en\/wp-json\/wp\/v2\/product"}],"about":[{"href":"https:\/\/divaceramica.com\/en\/wp-json\/wp\/v2\/types\/product"}],"wp:featuredmedia":[{"embeddable":true,"href":"https:\/\/divaceramica.com\/en\/wp-json\/wp\/v2\/media\/21791"}],"wp:attachment":[{"href":"https:\/\/divaceramica.com\/en\/wp-json\/wp\/v2\/media?parent=21789"}],"wp:term":[{"taxonomy":"product_cat","embeddable":true,"href":"https:\/\/divaceramica.com\/en\/wp-json\/wp\/v2\/product_cat?post=21789"},{"taxonomy":"product_tag","embeddable":true,"href":"https:\/\/divaceramica.com\/en\/wp-json\/wp\/v2\/product_tag?post=21789"}],"curies":[{"name":"wp","href":"https:\/\/api.w.org\/{rel}","templated":true}]}}