{"id":21775,"date":"2025-04-26T17:26:14","date_gmt":"2025-04-26T15:26:14","guid":{"rendered":"https:\/\/divaceramica.com\/?post_type=product&#038;p=21775"},"modified":"2025-05-07T16:45:30","modified_gmt":"2025-05-07T14:45:30","slug":"hex-ivory-honed","status":"publish","type":"product","link":"https:\/\/divaceramica.com\/en\/product\/hex-ivory-honed\/","title":{"rendered":"Hex Ivory Honed"},"content":{"rendered":"","protected":false},"excerpt":{"rendered":"<p>La mosa\u00efque de verre Hex XL Eloa Matte est une mosa\u00efque de tesselles hexagonales Hex XL (diam\u00e8tre \u00f8 51,6 mm \u2013 2\u201d) mix de couleurs gris et bleu fonc\u00e9, dans des tons multicolores et effet d\u00e9lav\u00e9, en finition satin\u00e9e avec des d\u00e9tails de texture d\u00e9corative. Un produit id\u00e9al pour rev\u00eatir des parois, des zones humides et des pavements r\u00e9sidentiels.<\/p>","protected":false},"featured_media":21777,"template":"","meta":{"inline_featured_image":false},"product_cat":[79,193],"product_tag":[],"class_list":{"0":"post-21775","1":"product","2":"type-product","3":"status-publish","4":"has-post-thumbnail","6":"product_cat-carrelage","7":"product_cat-carrelage-deco","9":"first","10":"instock","11":"shipping-taxable","12":"product-type-simple"},"_links":{"self":[{"href":"https:\/\/divaceramica.com\/en\/wp-json\/wp\/v2\/product\/21775","targetHints":{"allow":["GET"]}}],"collection":[{"href":"https:\/\/divaceramica.com\/en\/wp-json\/wp\/v2\/product"}],"about":[{"href":"https:\/\/divaceramica.com\/en\/wp-json\/wp\/v2\/types\/product"}],"wp:featuredmedia":[{"embeddable":true,"href":"https:\/\/divaceramica.com\/en\/wp-json\/wp\/v2\/media\/21777"}],"wp:attachment":[{"href":"https:\/\/divaceramica.com\/en\/wp-json\/wp\/v2\/media?parent=21775"}],"wp:term":[{"taxonomy":"product_cat","embeddable":true,"href":"https:\/\/divaceramica.com\/en\/wp-json\/wp\/v2\/product_cat?post=21775"},{"taxonomy":"product_tag","embeddable":true,"href":"https:\/\/divaceramica.com\/en\/wp-json\/wp\/v2\/product_tag?post=21775"}],"curies":[{"name":"wp","href":"https:\/\/api.w.org\/{rel}","templated":true}]}}