{"id":21763,"date":"2025-04-26T17:19:17","date_gmt":"2025-04-26T15:19:17","guid":{"rendered":"https:\/\/divaceramica.com\/?post_type=product&#038;p=21763"},"modified":"2025-05-07T16:58:03","modified_gmt":"2025-05-07T14:58:03","slug":"hex-xl-denim-copper","status":"publish","type":"product","link":"https:\/\/divaceramica.com\/en\/product\/hex-xl-denim-copper\/","title":{"rendered":"Hex XL Denim Copper"},"content":{"rendered":"","protected":false},"excerpt":{"rendered":"<p>La mosa\u00efque de verre Hex XL Denim Copper est une mosa\u00efque de tesselles hexagonales \u00ab Hex XL \u00bb (diam\u00e8tre \u00f8 51,6 mm &#8211; 2\u201d) de couleur bleu \u00e0 l\u2019effet d\u00e9lav\u00e9 avec des d\u00e9tails de cuivre et finition satin\u00e9e. Tr\u00e8s recommand\u00e9e pour les parois d\u00e9coratives dans des salons ou restaurants.<\/p>","protected":false},"featured_media":21764,"template":"","meta":{"inline_featured_image":false},"product_cat":[79,193],"product_tag":[],"class_list":{"0":"post-21763","1":"product","2":"type-product","3":"status-publish","4":"has-post-thumbnail","6":"product_cat-carrelage","7":"product_cat-carrelage-deco","9":"first","10":"instock","11":"shipping-taxable","12":"product-type-simple"},"_links":{"self":[{"href":"https:\/\/divaceramica.com\/en\/wp-json\/wp\/v2\/product\/21763","targetHints":{"allow":["GET"]}}],"collection":[{"href":"https:\/\/divaceramica.com\/en\/wp-json\/wp\/v2\/product"}],"about":[{"href":"https:\/\/divaceramica.com\/en\/wp-json\/wp\/v2\/types\/product"}],"wp:featuredmedia":[{"embeddable":true,"href":"https:\/\/divaceramica.com\/en\/wp-json\/wp\/v2\/media\/21764"}],"wp:attachment":[{"href":"https:\/\/divaceramica.com\/en\/wp-json\/wp\/v2\/media?parent=21763"}],"wp:term":[{"taxonomy":"product_cat","embeddable":true,"href":"https:\/\/divaceramica.com\/en\/wp-json\/wp\/v2\/product_cat?post=21763"},{"taxonomy":"product_tag","embeddable":true,"href":"https:\/\/divaceramica.com\/en\/wp-json\/wp\/v2\/product_tag?post=21763"}],"curies":[{"name":"wp","href":"https:\/\/api.w.org\/{rel}","templated":true}]}}