{"id":21759,"date":"2025-04-26T17:16:52","date_gmt":"2025-04-26T15:16:52","guid":{"rendered":"https:\/\/divaceramica.com\/?post_type=product&#038;p=21759"},"modified":"2025-05-07T16:58:03","modified_gmt":"2025-05-07T14:58:03","slug":"hex-xl-fossil","status":"publish","type":"product","link":"https:\/\/divaceramica.com\/en\/product\/hex-xl-fossil\/","title":{"rendered":"Hex XL Fossil"},"content":{"rendered":"","protected":false},"excerpt":{"rendered":"<p>La mosa\u00efque de verre Hex XL Fossil est une mosa\u00efque de tesselles hexagonales \u00ab Hex XL \u00bb (diam\u00e8tre \u00f8 51,6 mm &#8211; 2\u201d) de couleur blanche et noire, qui combine des marbres blancs et des fiches perl\u00e9es. Une mosa\u00efque avec une combinaison \u00e9l\u00e9gante id\u00e9ale pour la d\u00e9coration de parois.<\/p>","protected":false},"featured_media":21760,"template":"","meta":{"inline_featured_image":false},"product_cat":[79,193],"product_tag":[],"class_list":{"0":"post-21759","1":"product","2":"type-product","3":"status-publish","4":"has-post-thumbnail","6":"product_cat-carrelage","7":"product_cat-carrelage-deco","9":"first","10":"instock","11":"shipping-taxable","12":"product-type-simple"},"_links":{"self":[{"href":"https:\/\/divaceramica.com\/en\/wp-json\/wp\/v2\/product\/21759","targetHints":{"allow":["GET"]}}],"collection":[{"href":"https:\/\/divaceramica.com\/en\/wp-json\/wp\/v2\/product"}],"about":[{"href":"https:\/\/divaceramica.com\/en\/wp-json\/wp\/v2\/types\/product"}],"wp:featuredmedia":[{"embeddable":true,"href":"https:\/\/divaceramica.com\/en\/wp-json\/wp\/v2\/media\/21760"}],"wp:attachment":[{"href":"https:\/\/divaceramica.com\/en\/wp-json\/wp\/v2\/media?parent=21759"}],"wp:term":[{"taxonomy":"product_cat","embeddable":true,"href":"https:\/\/divaceramica.com\/en\/wp-json\/wp\/v2\/product_cat?post=21759"},{"taxonomy":"product_tag","embeddable":true,"href":"https:\/\/divaceramica.com\/en\/wp-json\/wp\/v2\/product_tag?post=21759"}],"curies":[{"name":"wp","href":"https:\/\/api.w.org\/{rel}","templated":true}]}}