{"id":21742,"date":"2025-04-26T17:05:26","date_gmt":"2025-04-26T15:05:26","guid":{"rendered":"https:\/\/divaceramica.com\/?post_type=product&#038;p=21742"},"modified":"2025-05-07T16:58:04","modified_gmt":"2025-05-07T14:58:04","slug":"penny-dark-grey-shiny","status":"publish","type":"product","link":"https:\/\/divaceramica.com\/en\/product\/penny-dark-grey-shiny\/","title":{"rendered":"Penny Dark Grey Shiny"},"content":{"rendered":"","protected":false},"excerpt":{"rendered":"<p>La mosa\u00efque Penny Dark Grey Shiny est une mosa\u00efque de verre au format circulaire \u00ab penny \u00bb (diam\u00e8tre \u00f8 19 mm &#8211; 0,75\u201d) de couleur gris fonc\u00e9 et finition lisse brillance. Un basique pour les rev\u00eatements, \u00e9galement dans des zones humides, des spas et des piscines.<\/p>","protected":false},"featured_media":21743,"template":"","meta":{"inline_featured_image":false},"product_cat":[79,193],"product_tag":[],"class_list":{"0":"post-21742","1":"product","2":"type-product","3":"status-publish","4":"has-post-thumbnail","6":"product_cat-carrelage","7":"product_cat-carrelage-deco","9":"first","10":"instock","11":"shipping-taxable","12":"product-type-simple"},"_links":{"self":[{"href":"https:\/\/divaceramica.com\/en\/wp-json\/wp\/v2\/product\/21742","targetHints":{"allow":["GET"]}}],"collection":[{"href":"https:\/\/divaceramica.com\/en\/wp-json\/wp\/v2\/product"}],"about":[{"href":"https:\/\/divaceramica.com\/en\/wp-json\/wp\/v2\/types\/product"}],"wp:featuredmedia":[{"embeddable":true,"href":"https:\/\/divaceramica.com\/en\/wp-json\/wp\/v2\/media\/21743"}],"wp:attachment":[{"href":"https:\/\/divaceramica.com\/en\/wp-json\/wp\/v2\/media?parent=21742"}],"wp:term":[{"taxonomy":"product_cat","embeddable":true,"href":"https:\/\/divaceramica.com\/en\/wp-json\/wp\/v2\/product_cat?post=21742"},{"taxonomy":"product_tag","embeddable":true,"href":"https:\/\/divaceramica.com\/en\/wp-json\/wp\/v2\/product_tag?post=21742"}],"curies":[{"name":"wp","href":"https:\/\/api.w.org\/{rel}","templated":true}]}}