{"id":21731,"date":"2025-04-26T16:59:51","date_gmt":"2025-04-26T14:59:51","guid":{"rendered":"https:\/\/divaceramica.com\/?post_type=product&#038;p=21731"},"modified":"2025-05-07T16:58:04","modified_gmt":"2025-05-07T14:58:04","slug":"penny-stoneglass-gold","status":"publish","type":"product","link":"https:\/\/divaceramica.com\/en\/product\/penny-stoneglass-gold\/","title":{"rendered":"Penny Stoneglass Gold"},"content":{"rendered":"","protected":false},"excerpt":{"rendered":"<p>La mosa\u00efque Penny Stoneglass Gold est une mosa\u00efque de verre au format circulaire \u00ab penny \u00bb (diam\u00e8tre \u00f8 19 mm &#8211; 0,75\u201d) de couleur dor\u00e9e et finition de texture stoneglass, \u00e0 haute r\u00e9sistance. Un produit sp\u00e9cifi\u00e9 dans des sols de zones commerciales.<\/p>","protected":false},"featured_media":21733,"template":"","meta":{"inline_featured_image":false},"product_cat":[79,193],"product_tag":[],"class_list":{"0":"post-21731","1":"product","2":"type-product","3":"status-publish","4":"has-post-thumbnail","6":"product_cat-carrelage","7":"product_cat-carrelage-deco","9":"first","10":"instock","11":"shipping-taxable","12":"product-type-simple"},"_links":{"self":[{"href":"https:\/\/divaceramica.com\/en\/wp-json\/wp\/v2\/product\/21731","targetHints":{"allow":["GET"]}}],"collection":[{"href":"https:\/\/divaceramica.com\/en\/wp-json\/wp\/v2\/product"}],"about":[{"href":"https:\/\/divaceramica.com\/en\/wp-json\/wp\/v2\/types\/product"}],"wp:featuredmedia":[{"embeddable":true,"href":"https:\/\/divaceramica.com\/en\/wp-json\/wp\/v2\/media\/21733"}],"wp:attachment":[{"href":"https:\/\/divaceramica.com\/en\/wp-json\/wp\/v2\/media?parent=21731"}],"wp:term":[{"taxonomy":"product_cat","embeddable":true,"href":"https:\/\/divaceramica.com\/en\/wp-json\/wp\/v2\/product_cat?post=21731"},{"taxonomy":"product_tag","embeddable":true,"href":"https:\/\/divaceramica.com\/en\/wp-json\/wp\/v2\/product_tag?post=21731"}],"curies":[{"name":"wp","href":"https:\/\/api.w.org\/{rel}","templated":true}]}}