{"id":21727,"date":"2025-04-26T16:56:48","date_gmt":"2025-04-26T14:56:48","guid":{"rendered":"https:\/\/divaceramica.com\/?post_type=product&#038;p=21727"},"modified":"2025-05-07T16:58:04","modified_gmt":"2025-05-07T14:58:04","slug":"penny-grafito-matte","status":"publish","type":"product","link":"https:\/\/divaceramica.com\/en\/product\/penny-grafito-matte\/","title":{"rendered":"Penny Grafito Matte"},"content":{"rendered":"","protected":false},"excerpt":{"rendered":"<p>La mosa\u00efque Penny Grafito Matte est une mosa\u00efque de verre au format circulaire \u00ab penny \u00bb (diam\u00e8tre \u00f8 19 mm &#8211; 0,75\u201d) \u00e0 l&rsquo;aspect de la pierre grise fonc\u00e9e aux veines blanches brillance, en finition mate SEDA antid\u00e9rapante. Un produit apte pour les sols et comme rev\u00eatement.<\/p>","protected":false},"featured_media":21728,"template":"","meta":{"inline_featured_image":false},"product_cat":[79,193],"product_tag":[],"class_list":{"0":"post-21727","1":"product","2":"type-product","3":"status-publish","4":"has-post-thumbnail","6":"product_cat-carrelage","7":"product_cat-carrelage-deco","9":"first","10":"instock","11":"shipping-taxable","12":"product-type-simple"},"_links":{"self":[{"href":"https:\/\/divaceramica.com\/en\/wp-json\/wp\/v2\/product\/21727","targetHints":{"allow":["GET"]}}],"collection":[{"href":"https:\/\/divaceramica.com\/en\/wp-json\/wp\/v2\/product"}],"about":[{"href":"https:\/\/divaceramica.com\/en\/wp-json\/wp\/v2\/types\/product"}],"wp:featuredmedia":[{"embeddable":true,"href":"https:\/\/divaceramica.com\/en\/wp-json\/wp\/v2\/media\/21728"}],"wp:attachment":[{"href":"https:\/\/divaceramica.com\/en\/wp-json\/wp\/v2\/media?parent=21727"}],"wp:term":[{"taxonomy":"product_cat","embeddable":true,"href":"https:\/\/divaceramica.com\/en\/wp-json\/wp\/v2\/product_cat?post=21727"},{"taxonomy":"product_tag","embeddable":true,"href":"https:\/\/divaceramica.com\/en\/wp-json\/wp\/v2\/product_tag?post=21727"}],"curies":[{"name":"wp","href":"https:\/\/api.w.org\/{rel}","templated":true}]}}