{"id":21718,"date":"2025-04-26T16:51:05","date_gmt":"2025-04-26T14:51:05","guid":{"rendered":"https:\/\/divaceramica.com\/?post_type=product&#038;p=21718"},"modified":"2025-05-07T16:58:05","modified_gmt":"2025-05-07T14:58:05","slug":"penny-bittor-matte","status":"publish","type":"product","link":"https:\/\/divaceramica.com\/en\/product\/penny-bittor-matte\/","title":{"rendered":"Penny Bittor Matte"},"content":{"rendered":"","protected":false},"excerpt":{"rendered":"<p>La mosa\u00efque de Penny Bittor Matte est une mosa\u00efque de tesselles circulaires au format Penny (\u00f8 19 mm- 0, 75\u201d) de couleur gris fonc\u00e9 bleu\u00e2tre et d\u00e9lav\u00e9, avec des touches satin\u00e9es et des d\u00e9tails de texture d\u00e9corative. Un produit id\u00e9al pour rev\u00eatir des parois, des zones humides et des pavements r\u00e9sidentiels.<\/p>","protected":false},"featured_media":21719,"template":"","meta":{"inline_featured_image":false},"product_cat":[79,193],"product_tag":[],"class_list":{"0":"post-21718","1":"product","2":"type-product","3":"status-publish","4":"has-post-thumbnail","6":"product_cat-carrelage","7":"product_cat-carrelage-deco","9":"first","10":"instock","11":"shipping-taxable","12":"product-type-simple"},"_links":{"self":[{"href":"https:\/\/divaceramica.com\/en\/wp-json\/wp\/v2\/product\/21718","targetHints":{"allow":["GET"]}}],"collection":[{"href":"https:\/\/divaceramica.com\/en\/wp-json\/wp\/v2\/product"}],"about":[{"href":"https:\/\/divaceramica.com\/en\/wp-json\/wp\/v2\/types\/product"}],"wp:featuredmedia":[{"embeddable":true,"href":"https:\/\/divaceramica.com\/en\/wp-json\/wp\/v2\/media\/21719"}],"wp:attachment":[{"href":"https:\/\/divaceramica.com\/en\/wp-json\/wp\/v2\/media?parent=21718"}],"wp:term":[{"taxonomy":"product_cat","embeddable":true,"href":"https:\/\/divaceramica.com\/en\/wp-json\/wp\/v2\/product_cat?post=21718"},{"taxonomy":"product_tag","embeddable":true,"href":"https:\/\/divaceramica.com\/en\/wp-json\/wp\/v2\/product_tag?post=21718"}],"curies":[{"name":"wp","href":"https:\/\/api.w.org\/{rel}","templated":true}]}}