{"id":21709,"date":"2025-04-26T16:42:46","date_gmt":"2025-04-26T14:42:46","guid":{"rendered":"https:\/\/divaceramica.com\/?post_type=product&#038;p=21709"},"modified":"2025-05-07T16:58:05","modified_gmt":"2025-05-07T14:58:05","slug":"penny-kara-beige","status":"publish","type":"product","link":"https:\/\/divaceramica.com\/en\/product\/penny-kara-beige\/","title":{"rendered":"Penny Kara Beige"},"content":{"rendered":"","protected":false},"excerpt":{"rendered":"<p>La mosa\u00efque de verre Penny Kara Beige est une mosa\u00efque de tesselles circulaires au format penny (\u00f8 19 mm &#8211; 0,75\u201d) de couleur beige et finition brillance, \u00e0 l\u2019aspect de gemme type quartz. Un design avec de la personnalit\u00e9 dans des tons chaleureux pour les piscines, les spas et les zones humides.<\/p>","protected":false},"featured_media":21710,"template":"","meta":{"inline_featured_image":false},"product_cat":[79,193],"product_tag":[],"class_list":{"0":"post-21709","1":"product","2":"type-product","3":"status-publish","4":"has-post-thumbnail","6":"product_cat-carrelage","7":"product_cat-carrelage-deco","9":"first","10":"instock","11":"shipping-taxable","12":"product-type-simple"},"_links":{"self":[{"href":"https:\/\/divaceramica.com\/en\/wp-json\/wp\/v2\/product\/21709","targetHints":{"allow":["GET"]}}],"collection":[{"href":"https:\/\/divaceramica.com\/en\/wp-json\/wp\/v2\/product"}],"about":[{"href":"https:\/\/divaceramica.com\/en\/wp-json\/wp\/v2\/types\/product"}],"wp:featuredmedia":[{"embeddable":true,"href":"https:\/\/divaceramica.com\/en\/wp-json\/wp\/v2\/media\/21710"}],"wp:attachment":[{"href":"https:\/\/divaceramica.com\/en\/wp-json\/wp\/v2\/media?parent=21709"}],"wp:term":[{"taxonomy":"product_cat","embeddable":true,"href":"https:\/\/divaceramica.com\/en\/wp-json\/wp\/v2\/product_cat?post=21709"},{"taxonomy":"product_tag","embeddable":true,"href":"https:\/\/divaceramica.com\/en\/wp-json\/wp\/v2\/product_tag?post=21709"}],"curies":[{"name":"wp","href":"https:\/\/api.w.org\/{rel}","templated":true}]}}