{"id":21701,"date":"2025-04-26T16:33:59","date_gmt":"2025-04-26T14:33:59","guid":{"rendered":"https:\/\/divaceramica.com\/?post_type=product&#038;p=21701"},"modified":"2025-05-07T16:42:17","modified_gmt":"2025-05-07T14:42:17","slug":"penny-nordic-stone","status":"publish","type":"product","link":"https:\/\/divaceramica.com\/en\/product\/penny-nordic-stone\/","title":{"rendered":"Penny Nordic Stone"},"content":{"rendered":"","protected":false},"excerpt":{"rendered":"<p>La mosa\u00efque de verre Penny Nordic Stone est une mosa\u00efque de tesselles circulaires au format penny (\u00f8 19 mm &#8211; 0,75\u201d) en couleur gris et \u00e0 l&rsquo;aspect de la pierre avec des veines blanches, en finition brillance. Une mosa\u00efque de esth\u00e9tique naturelle et style nordique id\u00e9ale pour les piscines, les spas et les zones humides.<\/p>","protected":false},"featured_media":21703,"template":"","meta":{"inline_featured_image":false},"product_cat":[79,191],"product_tag":[],"class_list":{"0":"post-21701","1":"product","2":"type-product","3":"status-publish","4":"has-post-thumbnail","6":"product_cat-carrelage","7":"product_cat-carrelage-mosaique-piscine","9":"first","10":"instock","11":"shipping-taxable","12":"product-type-simple"},"_links":{"self":[{"href":"https:\/\/divaceramica.com\/en\/wp-json\/wp\/v2\/product\/21701","targetHints":{"allow":["GET"]}}],"collection":[{"href":"https:\/\/divaceramica.com\/en\/wp-json\/wp\/v2\/product"}],"about":[{"href":"https:\/\/divaceramica.com\/en\/wp-json\/wp\/v2\/types\/product"}],"wp:featuredmedia":[{"embeddable":true,"href":"https:\/\/divaceramica.com\/en\/wp-json\/wp\/v2\/media\/21703"}],"wp:attachment":[{"href":"https:\/\/divaceramica.com\/en\/wp-json\/wp\/v2\/media?parent=21701"}],"wp:term":[{"taxonomy":"product_cat","embeddable":true,"href":"https:\/\/divaceramica.com\/en\/wp-json\/wp\/v2\/product_cat?post=21701"},{"taxonomy":"product_tag","embeddable":true,"href":"https:\/\/divaceramica.com\/en\/wp-json\/wp\/v2\/product_tag?post=21701"}],"curies":[{"name":"wp","href":"https:\/\/api.w.org\/{rel}","templated":true}]}}