{"id":21691,"date":"2025-04-26T16:22:39","date_gmt":"2025-04-26T14:22:39","guid":{"rendered":"https:\/\/divaceramica.com\/?post_type=product&#038;p=21691"},"modified":"2025-05-07T16:42:36","modified_gmt":"2025-05-07T14:42:36","slug":"penny-forest-blue","status":"publish","type":"product","link":"https:\/\/divaceramica.com\/en\/product\/penny-forest-blue\/","title":{"rendered":"Penny Forest Blue"},"content":{"rendered":"","protected":false},"excerpt":{"rendered":"<p>La mosa\u00efque de verre Penny Forest Blue est une mosa\u00efque de tesselles circulaires au format penny (\u00f8 19 mm &#8211; 0,75\u201d) de couleur bleu fonc\u00e9 et turquoise en finition brillance. Un produit id\u00e9al pour obtenir une couleur turquoise intense dans l&rsquo;eau de la piscine.<\/p>","protected":false},"featured_media":21696,"template":"","meta":{"inline_featured_image":false},"product_cat":[79,191],"product_tag":[],"class_list":{"0":"post-21691","1":"product","2":"type-product","3":"status-publish","4":"has-post-thumbnail","6":"product_cat-carrelage","7":"product_cat-carrelage-mosaique-piscine","9":"first","10":"instock","11":"shipping-taxable","12":"product-type-simple"},"_links":{"self":[{"href":"https:\/\/divaceramica.com\/en\/wp-json\/wp\/v2\/product\/21691","targetHints":{"allow":["GET"]}}],"collection":[{"href":"https:\/\/divaceramica.com\/en\/wp-json\/wp\/v2\/product"}],"about":[{"href":"https:\/\/divaceramica.com\/en\/wp-json\/wp\/v2\/types\/product"}],"wp:featuredmedia":[{"embeddable":true,"href":"https:\/\/divaceramica.com\/en\/wp-json\/wp\/v2\/media\/21696"}],"wp:attachment":[{"href":"https:\/\/divaceramica.com\/en\/wp-json\/wp\/v2\/media?parent=21691"}],"wp:term":[{"taxonomy":"product_cat","embeddable":true,"href":"https:\/\/divaceramica.com\/en\/wp-json\/wp\/v2\/product_cat?post=21691"},{"taxonomy":"product_tag","embeddable":true,"href":"https:\/\/divaceramica.com\/en\/wp-json\/wp\/v2\/product_tag?post=21691"}],"curies":[{"name":"wp","href":"https:\/\/api.w.org\/{rel}","templated":true}]}}