{"id":21687,"date":"2025-04-26T16:18:45","date_gmt":"2025-04-26T14:18:45","guid":{"rendered":"https:\/\/divaceramica.com\/?post_type=product&#038;p=21687"},"modified":"2025-05-07T16:42:45","modified_gmt":"2025-05-07T14:42:45","slug":"penta-houndstooth","status":"publish","type":"product","link":"https:\/\/divaceramica.com\/en\/product\/penta-houndstooth\/","title":{"rendered":"Penta Houndstooth"},"content":{"rendered":"","protected":false},"excerpt":{"rendered":"<p>R\u00e9volutionnez le design des piscines avec la mosa\u00efque de verre Penta Houndstooth. Ce design modulaire carr\u00e9 repr\u00e9sente le classique pattern pied-de-poule en bleu et blanc, avec une finition brillante pour ajouter une touche de sophistication.<\/p>","protected":false},"featured_media":21688,"template":"","meta":{"inline_featured_image":false},"product_cat":[79,191],"product_tag":[],"class_list":{"0":"post-21687","1":"product","2":"type-product","3":"status-publish","4":"has-post-thumbnail","6":"product_cat-carrelage","7":"product_cat-carrelage-mosaique-piscine","9":"first","10":"instock","11":"shipping-taxable","12":"product-type-simple"},"_links":{"self":[{"href":"https:\/\/divaceramica.com\/en\/wp-json\/wp\/v2\/product\/21687","targetHints":{"allow":["GET"]}}],"collection":[{"href":"https:\/\/divaceramica.com\/en\/wp-json\/wp\/v2\/product"}],"about":[{"href":"https:\/\/divaceramica.com\/en\/wp-json\/wp\/v2\/types\/product"}],"wp:featuredmedia":[{"embeddable":true,"href":"https:\/\/divaceramica.com\/en\/wp-json\/wp\/v2\/media\/21688"}],"wp:attachment":[{"href":"https:\/\/divaceramica.com\/en\/wp-json\/wp\/v2\/media?parent=21687"}],"wp:term":[{"taxonomy":"product_cat","embeddable":true,"href":"https:\/\/divaceramica.com\/en\/wp-json\/wp\/v2\/product_cat?post=21687"},{"taxonomy":"product_tag","embeddable":true,"href":"https:\/\/divaceramica.com\/en\/wp-json\/wp\/v2\/product_tag?post=21687"}],"curies":[{"name":"wp","href":"https:\/\/api.w.org\/{rel}","templated":true}]}}