{"id":21682,"date":"2025-04-26T16:08:45","date_gmt":"2025-04-26T14:08:45","guid":{"rendered":"https:\/\/divaceramica.com\/?post_type=product&#038;p=21682"},"modified":"2025-05-07T16:58:05","modified_gmt":"2025-05-07T14:58:05","slug":"penta-mar-green-luminis","status":"publish","type":"product","link":"https:\/\/divaceramica.com\/en\/product\/penta-mar-green-luminis\/","title":{"rendered":"Penta Mar Green Luminis"},"content":{"rendered":"","protected":false},"excerpt":{"rendered":"<p>La mosa\u00efque vitr\u00e9e Penta Mar Green Luminis est une mosa\u00efque de tesselles carr\u00e9es au format Penta (50&#215;50 mm &#8211; 2&Prime;x2&Prime;) dans des tons verts avec une finition brillante et des d\u00e9tails luminescents. Un design sinueux de jour comme de nuit, adapt\u00e9 aux piscines, spas et zones humides.<\/p>","protected":false},"featured_media":21683,"template":"","meta":{"inline_featured_image":false},"product_cat":[79,193],"product_tag":[],"class_list":{"0":"post-21682","1":"product","2":"type-product","3":"status-publish","4":"has-post-thumbnail","6":"product_cat-carrelage","7":"product_cat-carrelage-deco","9":"first","10":"instock","11":"shipping-taxable","12":"product-type-simple"},"_links":{"self":[{"href":"https:\/\/divaceramica.com\/en\/wp-json\/wp\/v2\/product\/21682","targetHints":{"allow":["GET"]}}],"collection":[{"href":"https:\/\/divaceramica.com\/en\/wp-json\/wp\/v2\/product"}],"about":[{"href":"https:\/\/divaceramica.com\/en\/wp-json\/wp\/v2\/types\/product"}],"wp:featuredmedia":[{"embeddable":true,"href":"https:\/\/divaceramica.com\/en\/wp-json\/wp\/v2\/media\/21683"}],"wp:attachment":[{"href":"https:\/\/divaceramica.com\/en\/wp-json\/wp\/v2\/media?parent=21682"}],"wp:term":[{"taxonomy":"product_cat","embeddable":true,"href":"https:\/\/divaceramica.com\/en\/wp-json\/wp\/v2\/product_cat?post=21682"},{"taxonomy":"product_tag","embeddable":true,"href":"https:\/\/divaceramica.com\/en\/wp-json\/wp\/v2\/product_tag?post=21682"}],"curies":[{"name":"wp","href":"https:\/\/api.w.org\/{rel}","templated":true}]}}