{"id":21678,"date":"2025-04-26T16:03:03","date_gmt":"2025-04-26T14:03:03","guid":{"rendered":"https:\/\/divaceramica.com\/?post_type=product&#038;p=21678"},"modified":"2025-05-07T16:58:05","modified_gmt":"2025-05-07T14:58:05","slug":"hex-xl-marmara","status":"publish","type":"product","link":"https:\/\/divaceramica.com\/en\/product\/hex-xl-marmara\/","title":{"rendered":"Hex XL Marmara"},"content":{"rendered":"","protected":false},"excerpt":{"rendered":"<p>Le mosa\u00efque Hex XL Marmara fusionne le luxe du marbre avec la modernit\u00e9 du format hexagonal extra-large. Id\u00e9al pour cr\u00e9er des environnements \u00e9l\u00e9gants et sophistiqu\u00e9s, sa surface vitr\u00e9e capte l&rsquo;exclusivit\u00e9 du marbre, apportant une touche de distinction \u00e0 tout espace.<\/p>","protected":false},"featured_media":21679,"template":"","meta":{"inline_featured_image":false},"product_cat":[79,193],"product_tag":[],"class_list":{"0":"post-21678","1":"product","2":"type-product","3":"status-publish","4":"has-post-thumbnail","6":"product_cat-carrelage","7":"product_cat-carrelage-deco","9":"first","10":"instock","11":"shipping-taxable","12":"product-type-simple"},"_links":{"self":[{"href":"https:\/\/divaceramica.com\/en\/wp-json\/wp\/v2\/product\/21678","targetHints":{"allow":["GET"]}}],"collection":[{"href":"https:\/\/divaceramica.com\/en\/wp-json\/wp\/v2\/product"}],"about":[{"href":"https:\/\/divaceramica.com\/en\/wp-json\/wp\/v2\/types\/product"}],"wp:featuredmedia":[{"embeddable":true,"href":"https:\/\/divaceramica.com\/en\/wp-json\/wp\/v2\/media\/21679"}],"wp:attachment":[{"href":"https:\/\/divaceramica.com\/en\/wp-json\/wp\/v2\/media?parent=21678"}],"wp:term":[{"taxonomy":"product_cat","embeddable":true,"href":"https:\/\/divaceramica.com\/en\/wp-json\/wp\/v2\/product_cat?post=21678"},{"taxonomy":"product_tag","embeddable":true,"href":"https:\/\/divaceramica.com\/en\/wp-json\/wp\/v2\/product_tag?post=21678"}],"curies":[{"name":"wp","href":"https:\/\/api.w.org\/{rel}","templated":true}]}}