{"id":21566,"date":"2025-04-18T16:50:45","date_gmt":"2025-04-18T14:50:45","guid":{"rendered":"https:\/\/divaceramica.com\/?post_type=product&#038;p=21566"},"modified":"2025-04-18T16:57:52","modified_gmt":"2025-04-18T14:57:52","slug":"atenea","status":"publish","type":"product","link":"https:\/\/divaceramica.com\/en\/product\/atenea\/","title":{"rendered":"Atenea"},"content":{"rendered":"","protected":false},"excerpt":{"rendered":"<p>ATENEA se d\u00e9cline en trois teintes douces qui apportent \u00e9l\u00e9gance et polyvalence \u00e0 tout projet. Disponible au format 60\u00d7120 cm avec finition Artech, ATENEA se distingue par ses reliefs num\u00e9riques travaill\u00e9s avec une grande pr\u00e9cision, cr\u00e9ant une texture unique qui donne vie aux surfaces.<\/p>\n<p>Son design sophistiqu\u00e9 et son souci du d\u00e9tail font d\u2019ATENEA l\u2019option id\u00e9ale pour ceux qui recherchent une finition de haute qualit\u00e9 et une touche distinctive dans leurs projets, offrant une esth\u00e9tique contemporaine et intemporelle.<\/p>\n<table class=\"woocommerce-product-attributes shop_attributes\">\n<tbody>\n<tr class=\"woocommerce-product-attributes-item woocommerce-product-attributes-item--weight\">\n<th class=\"woocommerce-product-attributes-item__label\">FORMATS DISPONIBLES<\/th>\n<td class=\"woocommerce-product-attributes-item__value\">120&#215;120 cm<\/p>\n<p>60&#215;120 cm<\/td>\n<\/tr>\n<tr class=\"woocommerce-product-attributes-item woocommerce-product-attributes-item--weight\">\n<th class=\"woocommerce-product-attributes-item__label\">COULEUR<\/th>\n<td class=\"woocommerce-product-attributes-item__value\">CREAM &#8211; IVORY &#8211; PEARL<\/td>\n<\/tr>\n<\/tbody>\n<\/table>\n<p>&nbsp;<\/p>","protected":false},"featured_media":21568,"template":"","meta":{"inline_featured_image":false},"product_cat":[79,180],"product_tag":[177],"class_list":{"0":"post-21566","1":"product","2":"type-product","3":"status-publish","4":"has-post-thumbnail","6":"product_cat-carrelage","7":"product_cat-carrelage-sol-et-mur","8":"product_tag-newarrivals","10":"first","11":"instock","12":"shipping-taxable","13":"product-type-simple"},"_links":{"self":[{"href":"https:\/\/divaceramica.com\/en\/wp-json\/wp\/v2\/product\/21566","targetHints":{"allow":["GET"]}}],"collection":[{"href":"https:\/\/divaceramica.com\/en\/wp-json\/wp\/v2\/product"}],"about":[{"href":"https:\/\/divaceramica.com\/en\/wp-json\/wp\/v2\/types\/product"}],"wp:featuredmedia":[{"embeddable":true,"href":"https:\/\/divaceramica.com\/en\/wp-json\/wp\/v2\/media\/21568"}],"wp:attachment":[{"href":"https:\/\/divaceramica.com\/en\/wp-json\/wp\/v2\/media?parent=21566"}],"wp:term":[{"taxonomy":"product_cat","embeddable":true,"href":"https:\/\/divaceramica.com\/en\/wp-json\/wp\/v2\/product_cat?post=21566"},{"taxonomy":"product_tag","embeddable":true,"href":"https:\/\/divaceramica.com\/en\/wp-json\/wp\/v2\/product_tag?post=21566"}],"curies":[{"name":"wp","href":"https:\/\/api.w.org\/{rel}","templated":true}]}}