{"id":21561,"date":"2025-04-18T16:46:54","date_gmt":"2025-04-18T14:46:54","guid":{"rendered":"https:\/\/divaceramica.com\/?post_type=product&#038;p=21561"},"modified":"2025-04-18T16:59:09","modified_gmt":"2025-04-18T14:59:09","slug":"fontana","status":"publish","type":"product","link":"https:\/\/divaceramica.com\/en\/product\/fontana\/","title":{"rendered":"Fontana"},"content":{"rendered":"","protected":false},"excerpt":{"rendered":"<p>Fontana recr\u00e9e l\u2019un des mat\u00e9riaux les plus beaux et les plus prestigieux au monde\u00a0: le marbre. Un mat\u00e9riau beau, lumineux, propre, \u00e9l\u00e9gant, frais, harmonieux et inspirant.<\/p>\n<p>Cette s\u00e9rie de carrelage en p\u00e2te blanche et porcelain\u00e9 rectifi\u00e9 respectivement de 30\u00d790 et 60\u00d760 est d\u00e9clin\u00e9e en finition brillante et mate. Elle provient de la r\u00e9gion de Carrare et peu de mat\u00e9riaux, comme celui utilis\u00e9 pour David de Michel-Ange, sont capables d\u2019imiter une telle beaut\u00e9 et simplicit\u00e9 en m\u00eame temps.<\/p>\n<p>La s\u00e9rie Fontana est la star du design d\u2019int\u00e9rieur pour les clients les plus exigeants.<\/p>\n<table class=\"woocommerce-product-attributes shop_attributes\">\n<tbody>\n<tr class=\"woocommerce-product-attributes-item woocommerce-product-attributes-item--weight\">\n<th class=\"woocommerce-product-attributes-item__label\">FORMATS DISPONIBLES<\/th>\n<td class=\"woocommerce-product-attributes-item__value\">60&#215;60 cm<\/td>\n<\/tr>\n<tr class=\"woocommerce-product-attributes-item woocommerce-product-attributes-item--weight\">\n<th class=\"woocommerce-product-attributes-item__label\">COULEUR<\/th>\n<td class=\"woocommerce-product-attributes-item__value\">WHITE<\/td>\n<\/tr>\n<\/tbody>\n<\/table>\n<p>&nbsp;<\/p>","protected":false},"featured_media":21564,"template":"","meta":{"inline_featured_image":false},"product_cat":[79,180],"product_tag":[177],"class_list":{"0":"post-21561","1":"product","2":"type-product","3":"status-publish","4":"has-post-thumbnail","6":"product_cat-carrelage","7":"product_cat-carrelage-sol-et-mur","8":"product_tag-newarrivals","10":"first","11":"instock","12":"shipping-taxable","13":"product-type-simple"},"_links":{"self":[{"href":"https:\/\/divaceramica.com\/en\/wp-json\/wp\/v2\/product\/21561","targetHints":{"allow":["GET"]}}],"collection":[{"href":"https:\/\/divaceramica.com\/en\/wp-json\/wp\/v2\/product"}],"about":[{"href":"https:\/\/divaceramica.com\/en\/wp-json\/wp\/v2\/types\/product"}],"wp:featuredmedia":[{"embeddable":true,"href":"https:\/\/divaceramica.com\/en\/wp-json\/wp\/v2\/media\/21564"}],"wp:attachment":[{"href":"https:\/\/divaceramica.com\/en\/wp-json\/wp\/v2\/media?parent=21561"}],"wp:term":[{"taxonomy":"product_cat","embeddable":true,"href":"https:\/\/divaceramica.com\/en\/wp-json\/wp\/v2\/product_cat?post=21561"},{"taxonomy":"product_tag","embeddable":true,"href":"https:\/\/divaceramica.com\/en\/wp-json\/wp\/v2\/product_tag?post=21561"}],"curies":[{"name":"wp","href":"https:\/\/api.w.org\/{rel}","templated":true}]}}