{"id":21551,"date":"2025-04-18T16:36:07","date_gmt":"2025-04-18T14:36:07","guid":{"rendered":"https:\/\/divaceramica.com\/?post_type=product&#038;p=21551"},"modified":"2025-04-18T16:59:15","modified_gmt":"2025-04-18T14:59:15","slug":"westone-eastone","status":"publish","type":"product","link":"https:\/\/divaceramica.com\/en\/product\/westone-eastone\/","title":{"rendered":"Westone &amp; Eastone"},"content":{"rendered":"","protected":false},"excerpt":{"rendered":"<p>Westone &amp; Eastone s\u2019inspire de la beaut\u00e9 naturelle de la pierre de Portland, une pierre calcaire qui se distingue par son souci du d\u00e9tail et l\u2019utilisation de la technologie Artech. Disponible en deux finitions, mat et lapado, chaque pi\u00e8ce offre une texture et un aspect qui apportent une touche unique, id\u00e9ale pour tout espace qui cherche \u00e0 combiner \u00e9l\u00e9gance, naturel et intemporalit\u00e9.<\/p>\n<p>En outre, il existe deux coupes diff\u00e9rentes, ce qui permet une grande vari\u00e9t\u00e9 de combinaisons esth\u00e9tiques. Westone et Eastone ont \u00e9t\u00e9 con\u00e7us ensemble pour offrir une solution compl\u00e8te \u00e0 ceux qui cherchent \u00e0 capturer l\u2019essence de la pierre de Portland \u00e0 son meilleur, s\u2019adaptant \u00e0 la fois aux environnements r\u00e9sidentiels et commerciaux.<\/p>\n<table class=\"woocommerce-product-attributes shop_attributes\">\n<tbody>\n<tr class=\"woocommerce-product-attributes-item woocommerce-product-attributes-item--weight\">\n<th class=\"woocommerce-product-attributes-item__label\">FORMATS DISPONIBLES<\/th>\n<td class=\"woocommerce-product-attributes-item__value\">120&#215;120 cm<\/p>\n<p>60&#215;120 cm<\/p>\n<p>60&#215;60 cm<\/p>\n<p>30&#215;60 cm<\/td>\n<\/tr>\n<tr class=\"woocommerce-product-attributes-item woocommerce-product-attributes-item--weight\">\n<th class=\"woocommerce-product-attributes-item__label\">COULEUR<\/th>\n<td class=\"woocommerce-product-attributes-item__value\">TAUPE &#8211; CREAM &#8211; GREIGE<\/td>\n<\/tr>\n<\/tbody>\n<\/table>\n<p>&nbsp;<\/p>","protected":false},"featured_media":21552,"template":"","meta":{"inline_featured_image":false},"product_cat":[79,180],"product_tag":[177],"class_list":{"0":"post-21551","1":"product","2":"type-product","3":"status-publish","4":"has-post-thumbnail","6":"product_cat-carrelage","7":"product_cat-carrelage-sol-et-mur","8":"product_tag-newarrivals","10":"first","11":"instock","12":"shipping-taxable","13":"product-type-simple"},"_links":{"self":[{"href":"https:\/\/divaceramica.com\/en\/wp-json\/wp\/v2\/product\/21551","targetHints":{"allow":["GET"]}}],"collection":[{"href":"https:\/\/divaceramica.com\/en\/wp-json\/wp\/v2\/product"}],"about":[{"href":"https:\/\/divaceramica.com\/en\/wp-json\/wp\/v2\/types\/product"}],"wp:featuredmedia":[{"embeddable":true,"href":"https:\/\/divaceramica.com\/en\/wp-json\/wp\/v2\/media\/21552"}],"wp:attachment":[{"href":"https:\/\/divaceramica.com\/en\/wp-json\/wp\/v2\/media?parent=21551"}],"wp:term":[{"taxonomy":"product_cat","embeddable":true,"href":"https:\/\/divaceramica.com\/en\/wp-json\/wp\/v2\/product_cat?post=21551"},{"taxonomy":"product_tag","embeddable":true,"href":"https:\/\/divaceramica.com\/en\/wp-json\/wp\/v2\/product_tag?post=21551"}],"curies":[{"name":"wp","href":"https:\/\/api.w.org\/{rel}","templated":true}]}}