{"id":21542,"date":"2025-04-18T15:55:31","date_gmt":"2025-04-18T13:55:31","guid":{"rendered":"https:\/\/divaceramica.com\/?post_type=product&#038;p=21542"},"modified":"2025-04-18T16:59:23","modified_gmt":"2025-04-18T14:59:23","slug":"gold-nero","status":"publish","type":"product","link":"https:\/\/divaceramica.com\/en\/product\/gold-nero\/","title":{"rendered":"Gold Nero"},"content":{"rendered":"","protected":false},"excerpt":{"rendered":"<p>\u00c9l\u00e9gant, sobre et homog\u00e8ne, le Gold Nero est une valeur s\u00fbre lorsqu\u2019il s\u2019agit de cr\u00e9er des espaces \u00e0 son image. Les petites veines de ses pi\u00e8ces et les tons brun clair produisent des effets uniques.<\/p>\n<p>Cette s\u00e9rie est parfaite pour cr\u00e9er des atmosph\u00e8res exclusives, o\u00f9 le marbre occupe une place centrale. Sa finition haut de gamme polie lui conf\u00e8re une polyvalence id\u00e9ale pour recouvrir des meubles ou pour \u00eatre utilis\u00e9 dans les cuisines, les salles de bains, sur les sols et les murs de n\u2019importe quel projet.<\/p>\n<table class=\"woocommerce-product-attributes shop_attributes\">\n<tbody>\n<tr class=\"woocommerce-product-attributes-item woocommerce-product-attributes-item--weight\">\n<th class=\"woocommerce-product-attributes-item__label\">FORMATS DISPONIBLES<\/th>\n<td class=\"woocommerce-product-attributes-item__value\">120&#215;120 cm<\/p>\n<p>60&#215;120 cm<\/td>\n<\/tr>\n<tr class=\"woocommerce-product-attributes-item woocommerce-product-attributes-item--weight\">\n<th class=\"woocommerce-product-attributes-item__label\">COULEUR<\/th>\n<td class=\"woocommerce-product-attributes-item__value\">NERO<\/td>\n<\/tr>\n<\/tbody>\n<\/table>","protected":false},"featured_media":21543,"template":"","meta":{"inline_featured_image":false},"product_cat":[79,180],"product_tag":[177],"class_list":{"0":"post-21542","1":"product","2":"type-product","3":"status-publish","4":"has-post-thumbnail","6":"product_cat-carrelage","7":"product_cat-carrelage-sol-et-mur","8":"product_tag-newarrivals","10":"first","11":"instock","12":"shipping-taxable","13":"product-type-simple"},"_links":{"self":[{"href":"https:\/\/divaceramica.com\/en\/wp-json\/wp\/v2\/product\/21542","targetHints":{"allow":["GET"]}}],"collection":[{"href":"https:\/\/divaceramica.com\/en\/wp-json\/wp\/v2\/product"}],"about":[{"href":"https:\/\/divaceramica.com\/en\/wp-json\/wp\/v2\/types\/product"}],"wp:featuredmedia":[{"embeddable":true,"href":"https:\/\/divaceramica.com\/en\/wp-json\/wp\/v2\/media\/21543"}],"wp:attachment":[{"href":"https:\/\/divaceramica.com\/en\/wp-json\/wp\/v2\/media?parent=21542"}],"wp:term":[{"taxonomy":"product_cat","embeddable":true,"href":"https:\/\/divaceramica.com\/en\/wp-json\/wp\/v2\/product_cat?post=21542"},{"taxonomy":"product_tag","embeddable":true,"href":"https:\/\/divaceramica.com\/en\/wp-json\/wp\/v2\/product_tag?post=21542"}],"curies":[{"name":"wp","href":"https:\/\/api.w.org\/{rel}","templated":true}]}}