{"id":21522,"date":"2025-04-18T15:41:14","date_gmt":"2025-04-18T13:41:14","guid":{"rendered":"https:\/\/divaceramica.com\/?post_type=product&#038;p=21522"},"modified":"2025-04-18T15:45:47","modified_gmt":"2025-04-18T13:45:47","slug":"linz","status":"publish","type":"product","link":"https:\/\/divaceramica.com\/en\/product\/linz\/","title":{"rendered":"Linz"},"content":{"rendered":"","protected":false},"excerpt":{"rendered":"<p>Linz est un gr\u00e8s c\u00e9rame \u00e9maill\u00e9 tr\u00e8s polyvalent et \u00e9l\u00e9gant, d\u00e9clin\u00e9 en trois couleurs, qui peuvent \u00eatre combin\u00e9es entre elles. Ses lames de 120\u00d7260 cm pr\u00e9sentent une continuit\u00e9 dans le graphisme et permettent de cr\u00e9er de v\u00e9ritables \u0153uvres d\u2019art. Cette s\u00e9rie est compl\u00e9t\u00e9e par des formats de 120\u00d7120 cm et de 60\u00d7120 cm pour les sols et les murs int\u00e9rieurs.<\/p>\n<p>La s\u00e9rie Linz est issue de l\u2019Onyx pur, une pierre semi-pr\u00e9cieuse qui, gr\u00e2ce au poli de qualit\u00e9 sup\u00e9rieure, apporte une touche sophistiqu\u00e9e et cosmopolite \u00e0 n\u2019importe quel espace. Une collection unique qui ne passera jamais inaper\u00e7ue.<\/p>\n<table class=\"woocommerce-product-attributes shop_attributes\">\n<tbody>\n<tr class=\"woocommerce-product-attributes-item woocommerce-product-attributes-item--weight\">\n<th class=\"woocommerce-product-attributes-item__label\">FORMATS DISPONIBLES<\/th>\n<td class=\"woocommerce-product-attributes-item__value\">120&#215;120 cm<\/p>\n<p>60&#215;120 cm<\/td>\n<\/tr>\n<tr class=\"woocommerce-product-attributes-item woocommerce-product-attributes-item--weight\">\n<th class=\"woocommerce-product-attributes-item__label\">COULEUR<\/th>\n<td class=\"woocommerce-product-attributes-item__value\">WHITE &#8211; BROWN &#8211; BLUE<\/td>\n<\/tr>\n<\/tbody>\n<\/table>","protected":false},"featured_media":21523,"template":"","meta":{"inline_featured_image":false},"product_cat":[79,180],"product_tag":[],"class_list":{"0":"post-21522","1":"product","2":"type-product","3":"status-publish","4":"has-post-thumbnail","6":"product_cat-carrelage","7":"product_cat-carrelage-sol-et-mur","9":"first","10":"instock","11":"shipping-taxable","12":"product-type-simple"},"_links":{"self":[{"href":"https:\/\/divaceramica.com\/en\/wp-json\/wp\/v2\/product\/21522","targetHints":{"allow":["GET"]}}],"collection":[{"href":"https:\/\/divaceramica.com\/en\/wp-json\/wp\/v2\/product"}],"about":[{"href":"https:\/\/divaceramica.com\/en\/wp-json\/wp\/v2\/types\/product"}],"wp:featuredmedia":[{"embeddable":true,"href":"https:\/\/divaceramica.com\/en\/wp-json\/wp\/v2\/media\/21523"}],"wp:attachment":[{"href":"https:\/\/divaceramica.com\/en\/wp-json\/wp\/v2\/media?parent=21522"}],"wp:term":[{"taxonomy":"product_cat","embeddable":true,"href":"https:\/\/divaceramica.com\/en\/wp-json\/wp\/v2\/product_cat?post=21522"},{"taxonomy":"product_tag","embeddable":true,"href":"https:\/\/divaceramica.com\/en\/wp-json\/wp\/v2\/product_tag?post=21522"}],"curies":[{"name":"wp","href":"https:\/\/api.w.org\/{rel}","templated":true}]}}