{"id":21516,"date":"2025-04-18T15:29:44","date_gmt":"2025-04-18T13:29:44","guid":{"rendered":"https:\/\/divaceramica.com\/?post_type=product&#038;p=21516"},"modified":"2025-04-18T15:35:34","modified_gmt":"2025-04-18T13:35:34","slug":"concrete","status":"publish","type":"product","link":"https:\/\/divaceramica.com\/en\/product\/concrete\/","title":{"rendered":"Concrete"},"content":{"rendered":"","protected":false},"excerpt":{"rendered":"<p>CONCRETE s\u2019inspire du ciment industriel des grandes villes nord-am\u00e9ricaines. La collection affiche un aspect d\u2019usure naturel gr\u00e2ce \u00e0 une \u00e9chelle de couleurs tr\u00e8s contr\u00f4l\u00e9e, ce qui en fait une valeur s\u00fbre pour n\u2019importe quelle partie de la maison ou du projet, \u00e0 l\u2019int\u00e9rieur comme \u00e0 l\u2019ext\u00e9rieur.<\/p>\n<p>Elle est pr\u00e9sent\u00e9e en finition int\u00e9rieure et ext\u00e9rieure pour offrir une continuit\u00e9 et elle est compl\u00e9t\u00e9e par une proposition murale innovante, dont les motifs au style tr\u00e8s minimaliste marqueront chaque espace.<\/p>\n<table class=\"woocommerce-product-attributes shop_attributes\">\n<tbody>\n<tr class=\"woocommerce-product-attributes-item woocommerce-product-attributes-item--weight\">\n<th class=\"woocommerce-product-attributes-item__label\">FORMATS DISPONIBLES<\/th>\n<td class=\"woocommerce-product-attributes-item__value\">120&#215;120 cm<\/p>\n<p>90&#215;90 cm<\/p>\n<p>60&#215;120 cm<\/p>\n<p>60&#215;60 cm<\/p>\n<p>30&#215;60 cm<\/td>\n<\/tr>\n<tr class=\"woocommerce-product-attributes-item woocommerce-product-attributes-item--weight\">\n<th class=\"woocommerce-product-attributes-item__label\">COULEUR<\/th>\n<td class=\"woocommerce-product-attributes-item__value\">DARK &#8211; GREY &#8211; CREAM &#8211; LIGHT<\/td>\n<\/tr>\n<\/tbody>\n<\/table>","protected":false},"featured_media":21517,"template":"","meta":{"inline_featured_image":false},"product_cat":[79,180],"product_tag":[],"class_list":{"0":"post-21516","1":"product","2":"type-product","3":"status-publish","4":"has-post-thumbnail","6":"product_cat-carrelage","7":"product_cat-carrelage-sol-et-mur","9":"first","10":"instock","11":"shipping-taxable","12":"product-type-simple"},"_links":{"self":[{"href":"https:\/\/divaceramica.com\/en\/wp-json\/wp\/v2\/product\/21516","targetHints":{"allow":["GET"]}}],"collection":[{"href":"https:\/\/divaceramica.com\/en\/wp-json\/wp\/v2\/product"}],"about":[{"href":"https:\/\/divaceramica.com\/en\/wp-json\/wp\/v2\/types\/product"}],"wp:featuredmedia":[{"embeddable":true,"href":"https:\/\/divaceramica.com\/en\/wp-json\/wp\/v2\/media\/21517"}],"wp:attachment":[{"href":"https:\/\/divaceramica.com\/en\/wp-json\/wp\/v2\/media?parent=21516"}],"wp:term":[{"taxonomy":"product_cat","embeddable":true,"href":"https:\/\/divaceramica.com\/en\/wp-json\/wp\/v2\/product_cat?post=21516"},{"taxonomy":"product_tag","embeddable":true,"href":"https:\/\/divaceramica.com\/en\/wp-json\/wp\/v2\/product_tag?post=21516"}],"curies":[{"name":"wp","href":"https:\/\/api.w.org\/{rel}","templated":true}]}}