{"id":21508,"date":"2025-04-18T15:25:23","date_gmt":"2025-04-18T13:25:23","guid":{"rendered":"https:\/\/divaceramica.com\/?post_type=product&#038;p=21508"},"modified":"2025-04-18T16:59:41","modified_gmt":"2025-04-18T14:59:41","slug":"newclay","status":"publish","type":"product","link":"https:\/\/divaceramica.com\/en\/product\/newclay\/","title":{"rendered":"Newclay"},"content":{"rendered":"","protected":false},"excerpt":{"rendered":"<p>Newclay pr\u00e9sente une beaut\u00e9 organique subtile inspir\u00e9e du ciment spatul\u00e9, offrant un sentiment de connexion avec la nature gr\u00e2ce \u00e0 sa texture unique qui cr\u00e9e une atmosph\u00e8re chaleureuse et accueillante. Sa palette chromatique soigneusement \u00e9tudi\u00e9e en fonction des derni\u00e8res tendances et la vaste gamme de formats, aussi bien en gr\u00e8s c\u00e9rame qu\u2019en carreaux de mur \u00e0 p\u00e2te blanche, en font une collection tr\u00e8s compl\u00e8te, adapt\u00e9e \u00e0 tout type de projet.<\/p>\n<table class=\"woocommerce-product-attributes shop_attributes\">\n<tbody>\n<tr class=\"woocommerce-product-attributes-item woocommerce-product-attributes-item--weight\">\n<th class=\"woocommerce-product-attributes-item__label\">FORMATS DISPONIBLES<\/th>\n<td class=\"woocommerce-product-attributes-item__value\">120&#215;120 cm<\/p>\n<p>60&#215;120 cm<\/p>\n<p>60&#215;60 cm<\/p>\n<p>30&#215;60 cm<\/td>\n<\/tr>\n<tr class=\"woocommerce-product-attributes-item woocommerce-product-attributes-item--weight\">\n<th class=\"woocommerce-product-attributes-item__label\">COULEUR<\/th>\n<td class=\"woocommerce-product-attributes-item__value\">WHITE &#8211; DARK &#8211; GREY &#8211; SAND &#8211; SHADOW &#8211; COTTO<\/td>\n<\/tr>\n<\/tbody>\n<\/table>","protected":false},"featured_media":21513,"template":"","meta":{"inline_featured_image":false},"product_cat":[79,180],"product_tag":[177],"class_list":{"0":"post-21508","1":"product","2":"type-product","3":"status-publish","4":"has-post-thumbnail","6":"product_cat-carrelage","7":"product_cat-carrelage-sol-et-mur","8":"product_tag-newarrivals","10":"first","11":"instock","12":"shipping-taxable","13":"product-type-simple"},"_links":{"self":[{"href":"https:\/\/divaceramica.com\/en\/wp-json\/wp\/v2\/product\/21508","targetHints":{"allow":["GET"]}}],"collection":[{"href":"https:\/\/divaceramica.com\/en\/wp-json\/wp\/v2\/product"}],"about":[{"href":"https:\/\/divaceramica.com\/en\/wp-json\/wp\/v2\/types\/product"}],"wp:featuredmedia":[{"embeddable":true,"href":"https:\/\/divaceramica.com\/en\/wp-json\/wp\/v2\/media\/21513"}],"wp:attachment":[{"href":"https:\/\/divaceramica.com\/en\/wp-json\/wp\/v2\/media?parent=21508"}],"wp:term":[{"taxonomy":"product_cat","embeddable":true,"href":"https:\/\/divaceramica.com\/en\/wp-json\/wp\/v2\/product_cat?post=21508"},{"taxonomy":"product_tag","embeddable":true,"href":"https:\/\/divaceramica.com\/en\/wp-json\/wp\/v2\/product_tag?post=21508"}],"curies":[{"name":"wp","href":"https:\/\/api.w.org\/{rel}","templated":true}]}}