{"id":21503,"date":"2025-04-18T15:17:38","date_gmt":"2025-04-18T13:17:38","guid":{"rendered":"https:\/\/divaceramica.com\/?post_type=product&#038;p=21503"},"modified":"2025-04-18T16:59:49","modified_gmt":"2025-04-18T14:59:49","slug":"rex","status":"publish","type":"product","link":"https:\/\/divaceramica.com\/en\/product\/rex\/","title":{"rendered":"Rex"},"content":{"rendered":"","protected":false},"excerpt":{"rendered":"<p>Rex est id\u00e9ale pour les personnes qui souhaitent que leur salle de bains ou leur cuisine participe \u00e0 la continuit\u00e9 du projet. Sa pierre subtile, tr\u00e8s travaill\u00e9e et neutre, se distingue par sa finition SOFT, tr\u00e8s agr\u00e9able pour les int\u00e9rieurs. Son carreau mural assorti, de 30\u00d790 cm, avec un d\u00e9cor g\u00e9om\u00e9.<\/p>\n<p>Sa gamme chromatique, d\u00e9clin\u00e9e dans des coloris sable et pierre, permet une savante combinaison. Sa pi\u00e8ce multicolore est la vedette de la s\u00e9rie, inspir\u00e9e de la tuile hydraulique classique.<\/p>\n<table class=\"woocommerce-product-attributes shop_attributes\">\n<tbody>\n<tr class=\"woocommerce-product-attributes-item woocommerce-product-attributes-item--weight\">\n<th class=\"woocommerce-product-attributes-item__label\">FORMATS DISPONIBLES<\/th>\n<td class=\"woocommerce-product-attributes-item__value\">60&#215;120 cm<\/p>\n<p>75&#215;75 cm<\/p>\n<p>60&#215;60 cm<\/td>\n<\/tr>\n<tr class=\"woocommerce-product-attributes-item woocommerce-product-attributes-item--weight\">\n<th class=\"woocommerce-product-attributes-item__label\">COULEUR<\/th>\n<td class=\"woocommerce-product-attributes-item__value\">GRIS &#8211; TAUPE &#8211; BEIGE &#8211; IVORY<\/td>\n<\/tr>\n<\/tbody>\n<\/table>","protected":false},"featured_media":21507,"template":"","meta":{"inline_featured_image":false},"product_cat":[79,178],"product_tag":[177],"class_list":{"0":"post-21503","1":"product","2":"type-product","3":"status-publish","4":"has-post-thumbnail","6":"product_cat-carrelage","7":"product_cat-carrelage-sol","8":"product_tag-newarrivals","10":"first","11":"instock","12":"shipping-taxable","13":"product-type-simple"},"_links":{"self":[{"href":"https:\/\/divaceramica.com\/en\/wp-json\/wp\/v2\/product\/21503","targetHints":{"allow":["GET"]}}],"collection":[{"href":"https:\/\/divaceramica.com\/en\/wp-json\/wp\/v2\/product"}],"about":[{"href":"https:\/\/divaceramica.com\/en\/wp-json\/wp\/v2\/types\/product"}],"wp:featuredmedia":[{"embeddable":true,"href":"https:\/\/divaceramica.com\/en\/wp-json\/wp\/v2\/media\/21507"}],"wp:attachment":[{"href":"https:\/\/divaceramica.com\/en\/wp-json\/wp\/v2\/media?parent=21503"}],"wp:term":[{"taxonomy":"product_cat","embeddable":true,"href":"https:\/\/divaceramica.com\/en\/wp-json\/wp\/v2\/product_cat?post=21503"},{"taxonomy":"product_tag","embeddable":true,"href":"https:\/\/divaceramica.com\/en\/wp-json\/wp\/v2\/product_tag?post=21503"}],"curies":[{"name":"wp","href":"https:\/\/api.w.org\/{rel}","templated":true}]}}