{"id":21483,"date":"2025-04-17T17:17:52","date_gmt":"2025-04-17T15:17:52","guid":{"rendered":"https:\/\/divaceramica.com\/?post_type=product&#038;p=21483"},"modified":"2025-05-07T17:17:53","modified_gmt":"2025-05-07T15:17:53","slug":"or-ols-k1601ts","status":"publish","type":"product","link":"https:\/\/divaceramica.com\/en\/product\/or-ols-k1601ts\/","title":{"rendered":"OR-OLS-K1601TS"},"content":{"rendered":"","protected":false},"excerpt":{"rendered":"<p>Robinet de baignoire autoportant conjugue simplicit\u00e9 et sophistication. Fabriqu\u00e9 en laiton chrom\u00e9, il garantit robustesse et long\u00e9vit\u00e9, tandis que la cartouche CERAM TEC et l\u2019a\u00e9rateur NEOPERL assurent une performance fluide et efficace. Livr\u00e9 avec un kit d\u2019installation, ce robinet incarne l\u2019\u00e9l\u00e9gance fonctionnelle, parfaite pour compl\u00e9ter une salle de bain contemporaine.<\/p>","protected":false},"featured_media":21481,"template":"","meta":{"inline_featured_image":false},"product_cat":[198,184,81],"product_tag":[],"class_list":{"0":"post-21483","1":"product","2":"type-product","3":"status-publish","4":"has-post-thumbnail","6":"product_cat-robinet-de-baignoire-douche","7":"product_cat-robinetteries","8":"product_cat-salles-de-bains","10":"first","11":"instock","12":"shipping-taxable","13":"product-type-simple"},"_links":{"self":[{"href":"https:\/\/divaceramica.com\/en\/wp-json\/wp\/v2\/product\/21483","targetHints":{"allow":["GET"]}}],"collection":[{"href":"https:\/\/divaceramica.com\/en\/wp-json\/wp\/v2\/product"}],"about":[{"href":"https:\/\/divaceramica.com\/en\/wp-json\/wp\/v2\/types\/product"}],"wp:featuredmedia":[{"embeddable":true,"href":"https:\/\/divaceramica.com\/en\/wp-json\/wp\/v2\/media\/21481"}],"wp:attachment":[{"href":"https:\/\/divaceramica.com\/en\/wp-json\/wp\/v2\/media?parent=21483"}],"wp:term":[{"taxonomy":"product_cat","embeddable":true,"href":"https:\/\/divaceramica.com\/en\/wp-json\/wp\/v2\/product_cat?post=21483"},{"taxonomy":"product_tag","embeddable":true,"href":"https:\/\/divaceramica.com\/en\/wp-json\/wp\/v2\/product_tag?post=21483"}],"curies":[{"name":"wp","href":"https:\/\/api.w.org\/{rel}","templated":true}]}}