{"id":21473,"date":"2025-04-17T17:06:26","date_gmt":"2025-04-17T15:06:26","guid":{"rendered":"https:\/\/divaceramica.com\/?post_type=product&#038;p=21473"},"modified":"2025-04-17T17:07:32","modified_gmt":"2025-04-17T15:07:32","slug":"or-sr2029","status":"publish","type":"product","link":"https:\/\/divaceramica.com\/en\/product\/or-sr2029\/","title":{"rendered":"OR-SR2029"},"content":{"rendered":"","protected":false},"excerpt":{"rendered":"<p>Cabine de douche avec portes coulissantes \u00e0 fermeture amortie \u00e0 gauche ou \u00e0 droite.<\/p>\n<table class=\"woocommerce-product-attributes shop_attributes\">\n<tbody>\n<tr class=\"woocommerce-product-attributes-item woocommerce-product-attributes-item--weight\">\n<th class=\"woocommerce-product-attributes-item__label\">DIMENSIONS<\/th>\n<td class=\"woocommerce-product-attributes-item__value\">(900+900)x2000mm<\/td>\n<\/tr>\n<\/tbody>\n<\/table>","protected":false},"featured_media":21474,"template":"","meta":{"inline_featured_image":false},"product_cat":[182,81],"product_tag":[],"class_list":{"0":"post-21473","1":"product","2":"type-product","3":"status-publish","4":"has-post-thumbnail","6":"product_cat-cabines-de-douche","7":"product_cat-salles-de-bains","9":"first","10":"instock","11":"shipping-taxable","12":"product-type-simple"},"_links":{"self":[{"href":"https:\/\/divaceramica.com\/en\/wp-json\/wp\/v2\/product\/21473","targetHints":{"allow":["GET"]}}],"collection":[{"href":"https:\/\/divaceramica.com\/en\/wp-json\/wp\/v2\/product"}],"about":[{"href":"https:\/\/divaceramica.com\/en\/wp-json\/wp\/v2\/types\/product"}],"wp:featuredmedia":[{"embeddable":true,"href":"https:\/\/divaceramica.com\/en\/wp-json\/wp\/v2\/media\/21474"}],"wp:attachment":[{"href":"https:\/\/divaceramica.com\/en\/wp-json\/wp\/v2\/media?parent=21473"}],"wp:term":[{"taxonomy":"product_cat","embeddable":true,"href":"https:\/\/divaceramica.com\/en\/wp-json\/wp\/v2\/product_cat?post=21473"},{"taxonomy":"product_tag","embeddable":true,"href":"https:\/\/divaceramica.com\/en\/wp-json\/wp\/v2\/product_tag?post=21473"}],"curies":[{"name":"wp","href":"https:\/\/api.w.org\/{rel}","templated":true}]}}