{"id":21467,"date":"2025-04-17T16:57:53","date_gmt":"2025-04-17T14:57:53","guid":{"rendered":"https:\/\/divaceramica.com\/?post_type=product&#038;p=21467"},"modified":"2025-04-17T16:59:03","modified_gmt":"2025-04-17T14:59:03","slug":"or-bt-wm452","status":"publish","type":"product","link":"https:\/\/divaceramica.com\/en\/product\/or-bt-wm452\/","title":{"rendered":"OR-BT-WM452"},"content":{"rendered":"","protected":false},"excerpt":{"rendered":"<p>Baignoire de massage en acrylique, dot\u00e9e d&rsquo;une pompe \u00e0 eau, d&rsquo;une pompe \u00e0 air, de 4 grands jets et de 15 jets d&rsquo;air, offrant une exp\u00e9rience de massage relaxante et enveloppante. Fabriqu\u00e9e en mat\u00e9riau ABS chrom\u00e9, \u00e9quip\u00e9e d&rsquo;un robinet, d&rsquo;une pomme de douche, d&rsquo;une prise et d&rsquo;un draineur. Une conception simple et fonctionnelle qui privil\u00e9gie l&rsquo;essentiel pour un confort et une relaxation optimaux.<\/p>\n<table class=\"woocommerce-product-attributes shop_attributes\">\n<tbody>\n<tr class=\"woocommerce-product-attributes-item woocommerce-product-attributes-item--weight\">\n<th class=\"woocommerce-product-attributes-item__label\">DIMENSIONS<\/th>\n<td class=\"woocommerce-product-attributes-item__value\">800*1700*580<\/td>\n<\/tr>\n<\/tbody>\n<\/table>","protected":false},"featured_media":21468,"template":"","meta":{"inline_featured_image":false},"product_cat":[181,81],"product_tag":[],"class_list":{"0":"post-21467","1":"product","2":"type-product","3":"status-publish","4":"has-post-thumbnail","6":"product_cat-baignoire","7":"product_cat-salles-de-bains","9":"first","10":"instock","11":"shipping-taxable","12":"product-type-simple"},"_links":{"self":[{"href":"https:\/\/divaceramica.com\/en\/wp-json\/wp\/v2\/product\/21467","targetHints":{"allow":["GET"]}}],"collection":[{"href":"https:\/\/divaceramica.com\/en\/wp-json\/wp\/v2\/product"}],"about":[{"href":"https:\/\/divaceramica.com\/en\/wp-json\/wp\/v2\/types\/product"}],"wp:featuredmedia":[{"embeddable":true,"href":"https:\/\/divaceramica.com\/en\/wp-json\/wp\/v2\/media\/21468"}],"wp:attachment":[{"href":"https:\/\/divaceramica.com\/en\/wp-json\/wp\/v2\/media?parent=21467"}],"wp:term":[{"taxonomy":"product_cat","embeddable":true,"href":"https:\/\/divaceramica.com\/en\/wp-json\/wp\/v2\/product_cat?post=21467"},{"taxonomy":"product_tag","embeddable":true,"href":"https:\/\/divaceramica.com\/en\/wp-json\/wp\/v2\/product_tag?post=21467"}],"curies":[{"name":"wp","href":"https:\/\/api.w.org\/{rel}","templated":true}]}}