{"id":21451,"date":"2025-04-17T16:46:11","date_gmt":"2025-04-17T14:46:11","guid":{"rendered":"https:\/\/divaceramica.com\/?post_type=product&#038;p=21451"},"modified":"2025-05-07T17:27:46","modified_gmt":"2025-05-07T15:27:46","slug":"rak-intelligente","status":"publish","type":"product","link":"https:\/\/divaceramica.com\/en\/product\/rak-intelligente\/","title":{"rendered":"RAK Intelligente"},"content":{"rendered":"","protected":false},"excerpt":{"rendered":"<p>Toilette intelligente avec bouton lat\u00e9ral tendance et design \u00ab\u00a0aurore de r\u00eave\u00a0\u00bb combine technologie avanc\u00e9e et confort exceptionnel.<\/p>\n<p>Son couvercle \u00e0 ouverture automatique et sa chasse d&rsquo;eau activ\u00e9e par capteur de pied offrent une exp\u00e9rience mains libres. Avec un s\u00e9chage \u00e0 l&rsquo;air chaud ultra rapide, un lavage par massage et par injection d&rsquo;air, un si\u00e8ge antibact\u00e9rien chauffant, et une buse autonettoyante, elle assure hygi\u00e8ne et bien-\u00eatre. Les fonctionnalit\u00e9s suppl\u00e9mentaires incluent une d\u00e9sodorisation intelligente, une surface en c\u00e9ramique pr\u00e9-mouill\u00e9e, un vernis autonettoyant, une veilleuse douce, et une t\u00e9l\u00e9commande 2,4 G pour un contr\u00f4le facile. Un parfait \u00e9quilibre entre innovation et design \u00e9l\u00e9gant.<\/p>\n<table class=\"woocommerce-product-attributes shop_attributes\">\n<tbody>\n<tr class=\"woocommerce-product-attributes-item woocommerce-product-attributes-item--weight\">\n<th class=\"woocommerce-product-attributes-item__label\">DIMENSIONS<\/th>\n<td class=\"woocommerce-product-attributes-item__value\">660x400x470mm<\/td>\n<\/tr>\n<\/tbody>\n<\/table>","protected":false},"featured_media":21452,"template":"","meta":{"inline_featured_image":false},"product_cat":[114,81,202],"product_tag":[],"class_list":{"0":"post-21451","1":"product","2":"type-product","3":"status-publish","4":"has-post-thumbnail","6":"product_cat-articles-sanitaires","7":"product_cat-salles-de-bains","8":"product_cat-toilettes-bidets","10":"first","11":"instock","12":"shipping-taxable","13":"product-type-simple"},"_links":{"self":[{"href":"https:\/\/divaceramica.com\/en\/wp-json\/wp\/v2\/product\/21451","targetHints":{"allow":["GET"]}}],"collection":[{"href":"https:\/\/divaceramica.com\/en\/wp-json\/wp\/v2\/product"}],"about":[{"href":"https:\/\/divaceramica.com\/en\/wp-json\/wp\/v2\/types\/product"}],"wp:featuredmedia":[{"embeddable":true,"href":"https:\/\/divaceramica.com\/en\/wp-json\/wp\/v2\/media\/21452"}],"wp:attachment":[{"href":"https:\/\/divaceramica.com\/en\/wp-json\/wp\/v2\/media?parent=21451"}],"wp:term":[{"taxonomy":"product_cat","embeddable":true,"href":"https:\/\/divaceramica.com\/en\/wp-json\/wp\/v2\/product_cat?post=21451"},{"taxonomy":"product_tag","embeddable":true,"href":"https:\/\/divaceramica.com\/en\/wp-json\/wp\/v2\/product_tag?post=21451"}],"curies":[{"name":"wp","href":"https:\/\/api.w.org\/{rel}","templated":true}]}}