{"id":21449,"date":"2025-04-17T16:42:56","date_gmt":"2025-04-17T14:42:56","guid":{"rendered":"https:\/\/divaceramica.com\/?post_type=product&#038;p=21449"},"modified":"2025-05-07T17:27:46","modified_gmt":"2025-05-07T15:27:46","slug":"rak-intelligente-suspendue","status":"publish","type":"product","link":"https:\/\/divaceramica.com\/en\/product\/rak-intelligente-suspendue\/","title":{"rendered":"RAK intelligente suspendue"},"content":{"rendered":"","protected":false},"excerpt":{"rendered":"<p>Dot\u00e9e d&rsquo;un si\u00e8ge chauffant, d&rsquo;un s\u00e9chage \u00e0 l&rsquo;air chaud et d&rsquo;une fonction de d\u00e9sodorisation, elle assure un usage agr\u00e9able et hygi\u00e9nique. Son syst\u00e8me de chasse d&rsquo;eau sans \u00e9lectricit\u00e9 et son couvercle \u00e0 ouverture par capteur ou t\u00e9l\u00e9commande offrent une commodit\u00e9 moderne dans un design \u00e9pur\u00e9 et minimaliste.<\/p>\n<table class=\"woocommerce-product-attributes shop_attributes\">\n<tbody>\n<tr class=\"woocommerce-product-attributes-item woocommerce-product-attributes-item--weight\">\n<th class=\"woocommerce-product-attributes-item__label\">DIMENSIONS<\/th>\n<td class=\"woocommerce-product-attributes-item__value\">610*400*350<\/td>\n<\/tr>\n<\/tbody>\n<\/table>","protected":false},"featured_media":21450,"template":"","meta":{"inline_featured_image":false},"product_cat":[114,81,202],"product_tag":[],"class_list":{"0":"post-21449","1":"product","2":"type-product","3":"status-publish","4":"has-post-thumbnail","6":"product_cat-articles-sanitaires","7":"product_cat-salles-de-bains","8":"product_cat-toilettes-bidets","10":"first","11":"instock","12":"shipping-taxable","13":"product-type-simple"},"_links":{"self":[{"href":"https:\/\/divaceramica.com\/en\/wp-json\/wp\/v2\/product\/21449","targetHints":{"allow":["GET"]}}],"collection":[{"href":"https:\/\/divaceramica.com\/en\/wp-json\/wp\/v2\/product"}],"about":[{"href":"https:\/\/divaceramica.com\/en\/wp-json\/wp\/v2\/types\/product"}],"wp:featuredmedia":[{"embeddable":true,"href":"https:\/\/divaceramica.com\/en\/wp-json\/wp\/v2\/media\/21450"}],"wp:attachment":[{"href":"https:\/\/divaceramica.com\/en\/wp-json\/wp\/v2\/media?parent=21449"}],"wp:term":[{"taxonomy":"product_cat","embeddable":true,"href":"https:\/\/divaceramica.com\/en\/wp-json\/wp\/v2\/product_cat?post=21449"},{"taxonomy":"product_tag","embeddable":true,"href":"https:\/\/divaceramica.com\/en\/wp-json\/wp\/v2\/product_tag?post=21449"}],"curies":[{"name":"wp","href":"https:\/\/api.w.org\/{rel}","templated":true}]}}