{"id":21439,"date":"2025-04-17T16:38:06","date_gmt":"2025-04-17T14:38:06","guid":{"rendered":"https:\/\/divaceramica.com\/?post_type=product&#038;p=21439"},"modified":"2025-04-17T16:39:28","modified_gmt":"2025-04-17T14:39:28","slug":"or-bt-61153","status":"publish","type":"product","link":"https:\/\/divaceramica.com\/en\/product\/or-bt-61153\/","title":{"rendered":"OR-BT-61153"},"content":{"rendered":"","protected":false},"excerpt":{"rendered":"<p>Baignoire autoportante en acrylique combine esth\u00e9tique et fonctionnalit\u00e9. Son design bicolore, bleu \u00e0 l\u2019ext\u00e9rieur et blanc \u00e0 l\u2019int\u00e9rieur, est sublim\u00e9 par un porte-serviettes en acier inoxydable dor\u00e9. Dot\u00e9e d\u2019un trop-plein, d\u2019un \u00e9gouttoir en laiton et d\u2019un fond lumineux avec \u00e9clairage ambiant, elle cr\u00e9e une ambiance apaisante. Un robinet assorti est disponible en option pour parfaire cet ensemble \u00e9l\u00e9gant.<\/p>\n<table class=\"woocommerce-product-attributes shop_attributes\">\n<tbody>\n<tr class=\"woocommerce-product-attributes-item woocommerce-product-attributes-item--weight\">\n<th class=\"woocommerce-product-attributes-item__label\">DIMENSIONS<\/th>\n<td class=\"woocommerce-product-attributes-item__value\">1700*795*600mm<\/td>\n<\/tr>\n<\/tbody>\n<\/table>","protected":false},"featured_media":21440,"template":"","meta":{"inline_featured_image":false},"product_cat":[181,81],"product_tag":[],"class_list":{"0":"post-21439","1":"product","2":"type-product","3":"status-publish","4":"has-post-thumbnail","6":"product_cat-baignoire","7":"product_cat-salles-de-bains","9":"first","10":"instock","11":"shipping-taxable","12":"product-type-simple"},"_links":{"self":[{"href":"https:\/\/divaceramica.com\/en\/wp-json\/wp\/v2\/product\/21439","targetHints":{"allow":["GET"]}}],"collection":[{"href":"https:\/\/divaceramica.com\/en\/wp-json\/wp\/v2\/product"}],"about":[{"href":"https:\/\/divaceramica.com\/en\/wp-json\/wp\/v2\/types\/product"}],"wp:featuredmedia":[{"embeddable":true,"href":"https:\/\/divaceramica.com\/en\/wp-json\/wp\/v2\/media\/21440"}],"wp:attachment":[{"href":"https:\/\/divaceramica.com\/en\/wp-json\/wp\/v2\/media?parent=21439"}],"wp:term":[{"taxonomy":"product_cat","embeddable":true,"href":"https:\/\/divaceramica.com\/en\/wp-json\/wp\/v2\/product_cat?post=21439"},{"taxonomy":"product_tag","embeddable":true,"href":"https:\/\/divaceramica.com\/en\/wp-json\/wp\/v2\/product_tag?post=21439"}],"curies":[{"name":"wp","href":"https:\/\/api.w.org\/{rel}","templated":true}]}}