{"id":21422,"date":"2025-04-17T15:57:14","date_gmt":"2025-04-17T13:57:14","guid":{"rendered":"https:\/\/divaceramica.com\/?post_type=product&#038;p=21422"},"modified":"2025-04-17T16:08:42","modified_gmt":"2025-04-17T14:08:42","slug":"or-bc1138","status":"publish","type":"product","link":"https:\/\/divaceramica.com\/en\/product\/or-bc1138\/","title":{"rendered":"OR-BC1138"},"content":{"rendered":"","protected":false},"excerpt":{"rendered":"<p>\u00c9voquant une simplicit\u00e9 raffin\u00e9e, cet ensemble de salle de bain incarne l\u2019\u00e9l\u00e9gance moderne. Le miroir rectangulaire intelligent, avec lumi\u00e8re de fond et capteur tactile, illumine subtilement l\u2019espace tout en int\u00e9grant une fonction anti-bu\u00e9e. Le bassin en pierre artificielle monobloc, \u00e0 la surface douce et lisse, offre un toucher soyeux et un entretien facile. Les deux tiroirs spacieux, dot\u00e9s de glissi\u00e8res m\u00e9talliques ultra-fines et d\u2019une finition mate apportent une touche contemporaine avec leur poign\u00e9e en aluminium \u00e9l\u00e9gante.<\/p>\n<table class=\"woocommerce-product-attributes shop_attributes\">\n<tbody>\n<tr class=\"woocommerce-product-attributes-item woocommerce-product-attributes-item--weight\">\n<th class=\"woocommerce-product-attributes-item__label\">COMPTOIR<\/th>\n<td class=\"woocommerce-product-attributes-item__value\">1200*550*412<\/td>\n<\/tr>\n<tr class=\"woocommerce-product-attributes-item woocommerce-product-attributes-item--weight\">\n<th class=\"woocommerce-product-attributes-item__label\">MIROIR<\/th>\n<td class=\"woocommerce-product-attributes-item__value\">1100*30*700<\/td>\n<\/tr>\n<\/tbody>\n<\/table>","protected":false},"featured_media":21423,"template":"","meta":{"inline_featured_image":false},"product_cat":[116,81],"product_tag":[],"class_list":{"0":"post-21422","1":"product","2":"type-product","3":"status-publish","4":"has-post-thumbnail","6":"product_cat-meubles-de-salle-de-bain","7":"product_cat-salles-de-bains","9":"first","10":"instock","11":"shipping-taxable","12":"product-type-simple"},"_links":{"self":[{"href":"https:\/\/divaceramica.com\/en\/wp-json\/wp\/v2\/product\/21422","targetHints":{"allow":["GET"]}}],"collection":[{"href":"https:\/\/divaceramica.com\/en\/wp-json\/wp\/v2\/product"}],"about":[{"href":"https:\/\/divaceramica.com\/en\/wp-json\/wp\/v2\/types\/product"}],"wp:featuredmedia":[{"embeddable":true,"href":"https:\/\/divaceramica.com\/en\/wp-json\/wp\/v2\/media\/21423"}],"wp:attachment":[{"href":"https:\/\/divaceramica.com\/en\/wp-json\/wp\/v2\/media?parent=21422"}],"wp:term":[{"taxonomy":"product_cat","embeddable":true,"href":"https:\/\/divaceramica.com\/en\/wp-json\/wp\/v2\/product_cat?post=21422"},{"taxonomy":"product_tag","embeddable":true,"href":"https:\/\/divaceramica.com\/en\/wp-json\/wp\/v2\/product_tag?post=21422"}],"curies":[{"name":"wp","href":"https:\/\/api.w.org\/{rel}","templated":true}]}}