{"id":21420,"date":"2025-04-17T15:53:24","date_gmt":"2025-04-17T13:53:24","guid":{"rendered":"https:\/\/divaceramica.com\/?post_type=product&#038;p=21420"},"modified":"2025-04-17T16:09:13","modified_gmt":"2025-04-17T14:09:13","slug":"or-bc4081","status":"publish","type":"product","link":"https:\/\/divaceramica.com\/en\/product\/or-bc4081\/","title":{"rendered":"OR-BC4081"},"content":{"rendered":"","protected":false},"excerpt":{"rendered":"<p>Inspir\u00e9 par l\u2019harmonie entre modernit\u00e9 et praticit\u00e9, ce meuble de salle de bain en pierre artificielle blanche incarne un design \u00e9pur\u00e9 et intemporel. Avec ses tiroirs \u00e0 ouverture par pression et sa finition mate verte, il refl\u00e8te une \u00e9l\u00e9gance discr\u00e8te. Le lavabo \u00e0 bords fins, associ\u00e9 \u00e0 un \u00e9gouttoir int\u00e9gr\u00e9, et le miroir LED intelligent apportent une touche de sophistication fonctionnelle, id\u00e9ale pour sublimer tout espace de vie.<\/p>\n<table class=\"woocommerce-product-attributes shop_attributes\">\n<tbody>\n<tr class=\"woocommerce-product-attributes-item woocommerce-product-attributes-item--weight\">\n<th class=\"woocommerce-product-attributes-item__label\">ARMOIRE<\/th>\n<td class=\"woocommerce-product-attributes-item__value\">794*497*380mm<\/td>\n<\/tr>\n<tr class=\"woocommerce-product-attributes-item woocommerce-product-attributes-item--weight\">\n<th class=\"woocommerce-product-attributes-item__label\">BASSIN<\/th>\n<td class=\"woocommerce-product-attributes-item__value\">800*500*195mm<\/td>\n<\/tr>\n<tr class=\"woocommerce-product-attributes-item woocommerce-product-attributes-item--weight\">\n<th class=\"woocommerce-product-attributes-item__label\">MIROIR<\/th>\n<td class=\"woocommerce-product-attributes-item__value\">530*40*950mm<\/td>\n<\/tr>\n<\/tbody>\n<\/table>","protected":false},"featured_media":21421,"template":"","meta":{"inline_featured_image":false},"product_cat":[116,81],"product_tag":[],"class_list":{"0":"post-21420","1":"product","2":"type-product","3":"status-publish","4":"has-post-thumbnail","6":"product_cat-meubles-de-salle-de-bain","7":"product_cat-salles-de-bains","9":"first","10":"instock","11":"shipping-taxable","12":"product-type-simple"},"_links":{"self":[{"href":"https:\/\/divaceramica.com\/en\/wp-json\/wp\/v2\/product\/21420","targetHints":{"allow":["GET"]}}],"collection":[{"href":"https:\/\/divaceramica.com\/en\/wp-json\/wp\/v2\/product"}],"about":[{"href":"https:\/\/divaceramica.com\/en\/wp-json\/wp\/v2\/types\/product"}],"wp:featuredmedia":[{"embeddable":true,"href":"https:\/\/divaceramica.com\/en\/wp-json\/wp\/v2\/media\/21421"}],"wp:attachment":[{"href":"https:\/\/divaceramica.com\/en\/wp-json\/wp\/v2\/media?parent=21420"}],"wp:term":[{"taxonomy":"product_cat","embeddable":true,"href":"https:\/\/divaceramica.com\/en\/wp-json\/wp\/v2\/product_cat?post=21420"},{"taxonomy":"product_tag","embeddable":true,"href":"https:\/\/divaceramica.com\/en\/wp-json\/wp\/v2\/product_tag?post=21420"}],"curies":[{"name":"wp","href":"https:\/\/api.w.org\/{rel}","templated":true}]}}