{"id":21415,"date":"2025-04-17T15:47:05","date_gmt":"2025-04-17T13:47:05","guid":{"rendered":"https:\/\/divaceramica.com\/?post_type=product&#038;p=21415"},"modified":"2025-04-17T16:10:37","modified_gmt":"2025-04-17T14:10:37","slug":"or-bc4082","status":"publish","type":"product","link":"https:\/\/divaceramica.com\/en\/product\/or-bc4082\/","title":{"rendered":"OR-BC4082"},"content":{"rendered":"","protected":false},"excerpt":{"rendered":"<p>Armoire \u00e0 deux tiroirs avec glissi\u00e8res en bois, finition m\u00e9lamin\u00e9e en bois fonc\u00e9 et poign\u00e9es au design vintage. La vasque en pierre artificielle blanche, douce et lisse, assure un entretien facile et une touche d\u2019\u00e9l\u00e9gance intemporelle.<\/p>\n<table class=\"woocommerce-product-attributes shop_attributes\">\n<tbody>\n<tr class=\"woocommerce-product-attributes-item woocommerce-product-attributes-item--weight\">\n<th class=\"woocommerce-product-attributes-item__label\">ARMOIRE<\/th>\n<td class=\"woocommerce-product-attributes-item__value\">790*545*450mm<\/td>\n<\/tr>\n<tr class=\"woocommerce-product-attributes-item woocommerce-product-attributes-item--weight\">\n<th class=\"woocommerce-product-attributes-item__label\">BASSIN<\/th>\n<td class=\"woocommerce-product-attributes-item__value\">800*500*175mm<\/td>\n<\/tr>\n<tr class=\"woocommerce-product-attributes-item woocommerce-product-attributes-item--weight\">\n<th class=\"woocommerce-product-attributes-item__label\">MIROIR<\/th>\n<td class=\"woocommerce-product-attributes-item__value\">800*30mm<\/td>\n<\/tr>\n<\/tbody>\n<\/table>","protected":false},"featured_media":21409,"template":"","meta":{"inline_featured_image":false},"product_cat":[116,81],"product_tag":[],"class_list":{"0":"post-21415","1":"product","2":"type-product","3":"status-publish","4":"has-post-thumbnail","6":"product_cat-meubles-de-salle-de-bain","7":"product_cat-salles-de-bains","9":"first","10":"instock","11":"shipping-taxable","12":"product-type-simple"},"_links":{"self":[{"href":"https:\/\/divaceramica.com\/en\/wp-json\/wp\/v2\/product\/21415","targetHints":{"allow":["GET"]}}],"collection":[{"href":"https:\/\/divaceramica.com\/en\/wp-json\/wp\/v2\/product"}],"about":[{"href":"https:\/\/divaceramica.com\/en\/wp-json\/wp\/v2\/types\/product"}],"wp:featuredmedia":[{"embeddable":true,"href":"https:\/\/divaceramica.com\/en\/wp-json\/wp\/v2\/media\/21409"}],"wp:attachment":[{"href":"https:\/\/divaceramica.com\/en\/wp-json\/wp\/v2\/media?parent=21415"}],"wp:term":[{"taxonomy":"product_cat","embeddable":true,"href":"https:\/\/divaceramica.com\/en\/wp-json\/wp\/v2\/product_cat?post=21415"},{"taxonomy":"product_tag","embeddable":true,"href":"https:\/\/divaceramica.com\/en\/wp-json\/wp\/v2\/product_tag?post=21415"}],"curies":[{"name":"wp","href":"https:\/\/api.w.org\/{rel}","templated":true}]}}