{"id":21303,"date":"2025-04-15T14:58:48","date_gmt":"2025-04-15T12:58:48","guid":{"rendered":"https:\/\/divaceramica.com\/?post_type=product&#038;p=21303"},"modified":"2025-04-15T15:04:41","modified_gmt":"2025-04-15T13:04:41","slug":"powder","status":"publish","type":"product","link":"https:\/\/divaceramica.com\/en\/product\/powder\/","title":{"rendered":"Powder"},"content":{"rendered":"","protected":false},"excerpt":{"rendered":"<p>La nouvelle s\u00e9rie Powder est une proposition multiformat, inspir\u00e9e d\u2019un dialogue enrichissant entre le pass\u00e9 et le pr\u00e9sent. Nous avons soulign\u00e9 la beaut\u00e9 de la relation complexe entre le temps et la mati\u00e8re et avons innov\u00e9 gr\u00e2ce \u00e0 cette proposition presque fantastique o\u00f9 les mat\u00e9riaux fusionnent les uns avec les autres, chacun absorbant l\u2019aspect le plus authentique de l\u2019autre pour donner \u00e0 l\u2019ensemble cette incroyable singularit\u00e9.<\/p>\n<table class=\"woocommerce-product-attributes shop_attributes\">\n<tbody>\n<tr class=\"woocommerce-product-attributes-item woocommerce-product-attributes-item--weight\">\n<th class=\"woocommerce-product-attributes-item__label\">FORMATS DISPONIBLES<\/th>\n<td class=\"woocommerce-product-attributes-item__value\">90&#215;90 cm<\/p>\n<p>60&#215;120 cm<\/p>\n<p>75&#215;75 cm<\/td>\n<\/tr>\n<\/tbody>\n<\/table>","protected":false},"featured_media":21307,"template":"","meta":{"inline_featured_image":false},"product_cat":[79,179],"product_tag":[],"class_list":{"0":"post-21303","1":"product","2":"type-product","3":"status-publish","4":"has-post-thumbnail","6":"product_cat-carrelage","7":"product_cat-carrelage-mur","9":"first","10":"instock","11":"shipping-taxable","12":"product-type-simple"},"_links":{"self":[{"href":"https:\/\/divaceramica.com\/en\/wp-json\/wp\/v2\/product\/21303","targetHints":{"allow":["GET"]}}],"collection":[{"href":"https:\/\/divaceramica.com\/en\/wp-json\/wp\/v2\/product"}],"about":[{"href":"https:\/\/divaceramica.com\/en\/wp-json\/wp\/v2\/types\/product"}],"wp:featuredmedia":[{"embeddable":true,"href":"https:\/\/divaceramica.com\/en\/wp-json\/wp\/v2\/media\/21307"}],"wp:attachment":[{"href":"https:\/\/divaceramica.com\/en\/wp-json\/wp\/v2\/media?parent=21303"}],"wp:term":[{"taxonomy":"product_cat","embeddable":true,"href":"https:\/\/divaceramica.com\/en\/wp-json\/wp\/v2\/product_cat?post=21303"},{"taxonomy":"product_tag","embeddable":true,"href":"https:\/\/divaceramica.com\/en\/wp-json\/wp\/v2\/product_tag?post=21303"}],"curies":[{"name":"wp","href":"https:\/\/api.w.org\/{rel}","templated":true}]}}