{"id":21280,"date":"2025-04-15T14:28:39","date_gmt":"2025-04-15T12:28:39","guid":{"rendered":"https:\/\/divaceramica.com\/?post_type=product&#038;p=21280"},"modified":"2025-04-15T14:31:37","modified_gmt":"2025-04-15T12:31:37","slug":"tholos","status":"publish","type":"product","link":"https:\/\/divaceramica.com\/en\/product\/tholos\/","title":{"rendered":"Tholos"},"content":{"rendered":"","protected":false},"excerpt":{"rendered":"<p>Tholos est le plus bel hommage \u00e0 la puret\u00e9 et \u00e0 la beaut\u00e9 du marbre grand format. Sa conception, avec des variations douces, permet d\u2019obtenir le naturel du marbre classique. Dans des tons blancs et dor\u00e9s, cette s\u00e9rie cr\u00e9e des espaces \u00e9l\u00e9gants et avant-gardistes. Ses pi\u00e8ces conviennent aussi bien pour les murs que pour les sols int\u00e9rieurs.<\/p>\n<p>Cette s\u00e9rie est parfaite pour les personnes qui recherchent la polyvalence et la qualit\u00e9, sans perdre de vue la cr\u00e9ativit\u00e9 et l\u2019\u00e9l\u00e9gance propres \u00e0 un projet exigeant.<\/p>\n<table class=\"woocommerce-product-attributes shop_attributes\">\n<tbody>\n<tr class=\"woocommerce-product-attributes-item woocommerce-product-attributes-item--weight\">\n<th class=\"woocommerce-product-attributes-item__label\">FORMATS DISPONIBLES<\/th>\n<td class=\"woocommerce-product-attributes-item__value\">120&#215;120 cm<\/p>\n<p>60&#215;120 cm<\/td>\n<\/tr>\n<\/tbody>\n<\/table>","protected":false},"featured_media":21285,"template":"","meta":{"inline_featured_image":false},"product_cat":[79,180],"product_tag":[],"class_list":{"0":"post-21280","1":"product","2":"type-product","3":"status-publish","4":"has-post-thumbnail","6":"product_cat-carrelage","7":"product_cat-carrelage-sol-et-mur","9":"first","10":"instock","11":"shipping-taxable","12":"product-type-simple"},"_links":{"self":[{"href":"https:\/\/divaceramica.com\/en\/wp-json\/wp\/v2\/product\/21280","targetHints":{"allow":["GET"]}}],"collection":[{"href":"https:\/\/divaceramica.com\/en\/wp-json\/wp\/v2\/product"}],"about":[{"href":"https:\/\/divaceramica.com\/en\/wp-json\/wp\/v2\/types\/product"}],"wp:featuredmedia":[{"embeddable":true,"href":"https:\/\/divaceramica.com\/en\/wp-json\/wp\/v2\/media\/21285"}],"wp:attachment":[{"href":"https:\/\/divaceramica.com\/en\/wp-json\/wp\/v2\/media?parent=21280"}],"wp:term":[{"taxonomy":"product_cat","embeddable":true,"href":"https:\/\/divaceramica.com\/en\/wp-json\/wp\/v2\/product_cat?post=21280"},{"taxonomy":"product_tag","embeddable":true,"href":"https:\/\/divaceramica.com\/en\/wp-json\/wp\/v2\/product_tag?post=21280"}],"curies":[{"name":"wp","href":"https:\/\/api.w.org\/{rel}","templated":true}]}}