{"id":21262,"date":"2025-04-15T13:50:49","date_gmt":"2025-04-15T11:50:49","guid":{"rendered":"https:\/\/divaceramica.com\/?post_type=product&#038;p=21262"},"modified":"2025-04-15T15:11:45","modified_gmt":"2025-04-15T13:11:45","slug":"hardy","status":"publish","type":"product","link":"https:\/\/divaceramica.com\/en\/product\/hardy\/","title":{"rendered":"Hardy"},"content":{"rendered":"","protected":false},"excerpt":{"rendered":"<p>Inspir\u00e9 de la pierre naturelle, avec son \u00e9l\u00e9gance et sa force, Hardy est une s\u00e9rie de carrelage porcelain\u00e9 et de carreaux en p\u00e2te blanche qui donne \u00e0 nos espaces toute la richesse de la nature.<\/p>\n<table class=\"woocommerce-product-attributes shop_attributes\">\n<tbody>\n<tr class=\"woocommerce-product-attributes-item woocommerce-product-attributes-item--weight\">\n<th class=\"woocommerce-product-attributes-item__label\">FORMATS DISPONIBLES<\/th>\n<td class=\"woocommerce-product-attributes-item__value\">80&#215;160 cm<\/p>\n<p>60&#215;120 cm<\/p>\n<p>60&#215;60 cm<\/p>\n<p>30&#215;60 cm<\/p>\n<p>30&#215;60 cm<\/td>\n<\/tr>\n<\/tbody>\n<\/table>","protected":false},"featured_media":21263,"template":"","meta":{"inline_featured_image":false},"product_cat":[79,178],"product_tag":[],"class_list":{"0":"post-21262","1":"product","2":"type-product","3":"status-publish","4":"has-post-thumbnail","6":"product_cat-carrelage","7":"product_cat-carrelage-sol","9":"first","10":"instock","11":"shipping-taxable","12":"product-type-simple"},"_links":{"self":[{"href":"https:\/\/divaceramica.com\/en\/wp-json\/wp\/v2\/product\/21262","targetHints":{"allow":["GET"]}}],"collection":[{"href":"https:\/\/divaceramica.com\/en\/wp-json\/wp\/v2\/product"}],"about":[{"href":"https:\/\/divaceramica.com\/en\/wp-json\/wp\/v2\/types\/product"}],"wp:featuredmedia":[{"embeddable":true,"href":"https:\/\/divaceramica.com\/en\/wp-json\/wp\/v2\/media\/21263"}],"wp:attachment":[{"href":"https:\/\/divaceramica.com\/en\/wp-json\/wp\/v2\/media?parent=21262"}],"wp:term":[{"taxonomy":"product_cat","embeddable":true,"href":"https:\/\/divaceramica.com\/en\/wp-json\/wp\/v2\/product_cat?post=21262"},{"taxonomy":"product_tag","embeddable":true,"href":"https:\/\/divaceramica.com\/en\/wp-json\/wp\/v2\/product_tag?post=21262"}],"curies":[{"name":"wp","href":"https:\/\/api.w.org\/{rel}","templated":true}]}}