{"id":21225,"date":"2025-04-14T17:43:29","date_gmt":"2025-04-14T15:43:29","guid":{"rendered":"https:\/\/divaceramica.com\/?post_type=product&#038;p=21225"},"modified":"2025-04-14T18:05:03","modified_gmt":"2025-04-14T16:05:03","slug":"noa","status":"publish","type":"product","link":"https:\/\/divaceramica.com\/en\/product\/noa\/","title":{"rendered":"Noa"},"content":{"rendered":"","protected":false},"excerpt":{"rendered":"<p>Plongez dans l\u2019avant-garde de la c\u00e9ramique avec la s\u00e9rie NOA et sa finition innovante Artech. Cette technologie avanc\u00e9e, qui capture de mani\u00e8re unique la r\u00e9alit\u00e9 du produit, \u00e9l\u00e8ve le ciment soigneusement fabriqu\u00e9 par NOA \u00e0 de nouveaux sommets d\u2019authenticit\u00e9 et de sophistication. Disponible en quatre couleurs captivantes, cette s\u00e9rie red\u00e9finit la d\u00e9coration int\u00e9rieure en offrant une fusion parfaite entre la qualit\u00e9 des mat\u00e9riaux et l\u2019excellence technologique.<\/p>","protected":false},"featured_media":21227,"template":"","meta":{"inline_featured_image":false},"product_cat":[79,178],"product_tag":[],"class_list":{"0":"post-21225","1":"product","2":"type-product","3":"status-publish","4":"has-post-thumbnail","6":"product_cat-carrelage","7":"product_cat-carrelage-sol","9":"first","10":"instock","11":"shipping-taxable","12":"product-type-simple"},"_links":{"self":[{"href":"https:\/\/divaceramica.com\/en\/wp-json\/wp\/v2\/product\/21225","targetHints":{"allow":["GET"]}}],"collection":[{"href":"https:\/\/divaceramica.com\/en\/wp-json\/wp\/v2\/product"}],"about":[{"href":"https:\/\/divaceramica.com\/en\/wp-json\/wp\/v2\/types\/product"}],"wp:featuredmedia":[{"embeddable":true,"href":"https:\/\/divaceramica.com\/en\/wp-json\/wp\/v2\/media\/21227"}],"wp:attachment":[{"href":"https:\/\/divaceramica.com\/en\/wp-json\/wp\/v2\/media?parent=21225"}],"wp:term":[{"taxonomy":"product_cat","embeddable":true,"href":"https:\/\/divaceramica.com\/en\/wp-json\/wp\/v2\/product_cat?post=21225"},{"taxonomy":"product_tag","embeddable":true,"href":"https:\/\/divaceramica.com\/en\/wp-json\/wp\/v2\/product_tag?post=21225"}],"curies":[{"name":"wp","href":"https:\/\/api.w.org\/{rel}","templated":true}]}}