{"id":21221,"date":"2025-04-14T17:25:10","date_gmt":"2025-04-14T15:25:10","guid":{"rendered":"https:\/\/divaceramica.com\/?post_type=product&#038;p=21221"},"modified":"2025-05-20T14:59:34","modified_gmt":"2025-05-20T12:59:34","slug":"haven","status":"publish","type":"product","link":"https:\/\/divaceramica.com\/en\/product\/haven\/","title":{"rendered":"Haven"},"content":{"rendered":"","protected":false},"excerpt":{"rendered":"<p>HAVEN est une s\u00e9rie effet bois au format innovant de 75\u00d7150 cm avec finition Artech, con\u00e7ue pour offrir une continuit\u00e9 sans interruption et une esth\u00e9tique naturelle impeccable. Ses deux couleurs inspir\u00e9es du ch\u00eane mettent en valeur la chaleur et l\u2019authenticit\u00e9 du bois, en faisant une option sophistiqu\u00e9e et polyvalente pour tout espace.<\/p>","protected":false},"featured_media":21224,"template":"","meta":{"inline_featured_image":false},"product_cat":[79,192],"product_tag":[],"class_list":{"0":"post-21221","1":"product","2":"type-product","3":"status-publish","4":"has-post-thumbnail","6":"product_cat-carrelage","7":"product_cat-carrelage-effet-parquet","9":"first","10":"instock","11":"shipping-taxable","12":"product-type-simple"},"_links":{"self":[{"href":"https:\/\/divaceramica.com\/en\/wp-json\/wp\/v2\/product\/21221","targetHints":{"allow":["GET"]}}],"collection":[{"href":"https:\/\/divaceramica.com\/en\/wp-json\/wp\/v2\/product"}],"about":[{"href":"https:\/\/divaceramica.com\/en\/wp-json\/wp\/v2\/types\/product"}],"wp:featuredmedia":[{"embeddable":true,"href":"https:\/\/divaceramica.com\/en\/wp-json\/wp\/v2\/media\/21224"}],"wp:attachment":[{"href":"https:\/\/divaceramica.com\/en\/wp-json\/wp\/v2\/media?parent=21221"}],"wp:term":[{"taxonomy":"product_cat","embeddable":true,"href":"https:\/\/divaceramica.com\/en\/wp-json\/wp\/v2\/product_cat?post=21221"},{"taxonomy":"product_tag","embeddable":true,"href":"https:\/\/divaceramica.com\/en\/wp-json\/wp\/v2\/product_tag?post=21221"}],"curies":[{"name":"wp","href":"https:\/\/api.w.org\/{rel}","templated":true}]}}