{"id":21216,"date":"2025-04-14T16:38:04","date_gmt":"2025-04-14T14:38:04","guid":{"rendered":"https:\/\/divaceramica.com\/?post_type=product&#038;p=21216"},"modified":"2025-04-14T16:43:56","modified_gmt":"2025-04-14T14:43:56","slug":"riven","status":"publish","type":"product","link":"https:\/\/divaceramica.com\/en\/product\/riven\/","title":{"rendered":"Riven"},"content":{"rendered":"","protected":false},"excerpt":{"rendered":"<p>La s\u00e9rie Riven rappelle l\u2019ardoise naturelle qui vient d\u2019\u00eatre extraite de la carri\u00e8re. Il s\u2019agit d\u2019une collection compl\u00e8te et dynamique qui se d\u00e9cline en 4 couleurs naturelles et qui est id\u00e9ale pour couvrir n\u2019importe quelle surface, qu\u2019il s\u2019agisse de rev\u00eatements de sol ou de rev\u00eatements ext\u00e9rieurs tels que les fa\u00e7ades ou les piscines. C\u2019est un classique renouvel\u00e9, id\u00e9al pour ceux qui recherchent un mat\u00e9riau accueillant aux performances techniques \u00e9lev\u00e9es.<\/p>","protected":false},"featured_media":21218,"template":"","meta":{"inline_featured_image":false},"product_cat":[79,178],"product_tag":[],"class_list":{"0":"post-21216","1":"product","2":"type-product","3":"status-publish","4":"has-post-thumbnail","6":"product_cat-carrelage","7":"product_cat-carrelage-sol","9":"first","10":"instock","11":"shipping-taxable","12":"product-type-simple"},"_links":{"self":[{"href":"https:\/\/divaceramica.com\/en\/wp-json\/wp\/v2\/product\/21216","targetHints":{"allow":["GET"]}}],"collection":[{"href":"https:\/\/divaceramica.com\/en\/wp-json\/wp\/v2\/product"}],"about":[{"href":"https:\/\/divaceramica.com\/en\/wp-json\/wp\/v2\/types\/product"}],"wp:featuredmedia":[{"embeddable":true,"href":"https:\/\/divaceramica.com\/en\/wp-json\/wp\/v2\/media\/21218"}],"wp:attachment":[{"href":"https:\/\/divaceramica.com\/en\/wp-json\/wp\/v2\/media?parent=21216"}],"wp:term":[{"taxonomy":"product_cat","embeddable":true,"href":"https:\/\/divaceramica.com\/en\/wp-json\/wp\/v2\/product_cat?post=21216"},{"taxonomy":"product_tag","embeddable":true,"href":"https:\/\/divaceramica.com\/en\/wp-json\/wp\/v2\/product_tag?post=21216"}],"curies":[{"name":"wp","href":"https:\/\/api.w.org\/{rel}","templated":true}]}}