{"id":21159,"date":"2025-04-13T21:03:08","date_gmt":"2025-04-13T19:03:08","guid":{"rendered":"https:\/\/divaceramica.com\/?post_type=product&#038;p=21159"},"modified":"2025-05-07T17:38:22","modified_gmt":"2025-05-07T15:38:22","slug":"essence-c-abattant-soft-close-matt","status":"publish","type":"product","link":"https:\/\/divaceramica.com\/en\/product\/essence-c-abattant-soft-close-matt\/","title":{"rendered":"Essence C Abattant Soft-Close Matt"},"content":{"rendered":"","protected":false},"excerpt":{"rendered":"<p>Essence C Soft-close est le si\u00e8ge et la housse de la gamme Essence C Matt avec un syst\u00e8me de fermeture souple. Il s&rsquo;agit d&rsquo;un si\u00e8ge et d&rsquo;un couvercle blanc mat.<\/p>","protected":false},"featured_media":21161,"template":"","meta":{"inline_featured_image":false},"product_cat":[205,204,81],"product_tag":[],"class_list":{"0":"post-21159","1":"product","2":"type-product","3":"status-publish","4":"has-post-thumbnail","6":"product_cat-accessoires","7":"product_cat-accessoires-de-salle-de-bain","8":"product_cat-salles-de-bains","10":"first","11":"instock","12":"shipping-taxable","13":"product-type-simple"},"_links":{"self":[{"href":"https:\/\/divaceramica.com\/en\/wp-json\/wp\/v2\/product\/21159","targetHints":{"allow":["GET"]}}],"collection":[{"href":"https:\/\/divaceramica.com\/en\/wp-json\/wp\/v2\/product"}],"about":[{"href":"https:\/\/divaceramica.com\/en\/wp-json\/wp\/v2\/types\/product"}],"wp:featuredmedia":[{"embeddable":true,"href":"https:\/\/divaceramica.com\/en\/wp-json\/wp\/v2\/media\/21161"}],"wp:attachment":[{"href":"https:\/\/divaceramica.com\/en\/wp-json\/wp\/v2\/media?parent=21159"}],"wp:term":[{"taxonomy":"product_cat","embeddable":true,"href":"https:\/\/divaceramica.com\/en\/wp-json\/wp\/v2\/product_cat?post=21159"},{"taxonomy":"product_tag","embeddable":true,"href":"https:\/\/divaceramica.com\/en\/wp-json\/wp\/v2\/product_tag?post=21159"}],"curies":[{"name":"wp","href":"https:\/\/api.w.org\/{rel}","templated":true}]}}